{"id":4964,"date":"2020-05-22T07:39:01","date_gmt":"2020-05-22T07:39:01","guid":{"rendered":"https:\/\/www.sending.es\/politica-medioambiental-de-calidad-y-oea\/"},"modified":"2020-05-26T13:36:17","modified_gmt":"2020-05-26T13:36:17","slug":"politica-medioambiental-de-calidad-y-oea","status":"publish","type":"page","link":"https:\/\/www.sending.es\/ca\/politica-medioambiental-de-calidad-y-oea\/","title":{"rendered":"Pol\u00edtica Medioambiental, de calidad y OEA"},"content":{"rendered":"<div class=\"wpb-content-wrapper\"><p>[vc_row css_animation=&#8221;&#8221; row_type=&#8221;row&#8221; use_row_as_full_screen_section=&#8221;no&#8221; type=&#8221;full_width&#8221; angled_section=&#8221;no&#8221; text_align=&#8221;left&#8221; background_image_as_pattern=&#8221;without_pattern&#8221; css=&#8221;.vc_custom_1588581243805{padding-bottom: 72px !important;}&#8221; z_index=&#8221;&#8221; el_class=&#8221;cookies&#8221;][vc_column][vc_column_text]<\/p>\n<p align=\"center\"><span style=\"font-size: large;\"><b>POL\u00cdTICA DE CALIDAD, AMBIENTAL Y OPERADOR ECON\u00d3MICO AUTORIZADO<\/b><\/span><\/p>\n<p>La Direcci\u00f3n de <strong>SENDING TRANSPORTE URGENTE<\/strong> es consciente de la importancia de una prestaci\u00f3n del servicio respetuoso con el Medio Ambiente y de alta Calidad, lo que pasa por un profundo conocimiento del cliente y de sus necesidades en cada momento, por un estricto cumplimiento de los requisitos legales para nuestro sector y las actividades que desarrollamos, as\u00ed como un an\u00e1lisis y cumplimiento de los requisitos de Aduanas, todo ello nos permitir\u00e1 ocupar una posici\u00f3n destacada en el sector del transporte urgente de paqueter\u00eda nacional e internacional y poder ofrecer servicios de almacenaje y logistica. Por este motivo, desde esta Direcci\u00f3n, se considera que la herramienta que nos puede hacer ir en esta direcci\u00f3n es el Sistema de Gesti\u00f3n de la Calidad, Ambiental y la autorizaci\u00f3n como Operador Econ\u00f3mico Autorizado.<\/p>\n<p>El principal objetivo de <strong>SENDING,<\/strong> es ofrecer a nuestros clientes una extensa red de distribuci\u00f3n y transporte a nivel nacional e internacional, tanto en la pen\u00ednsula como en las Islas, Ceuta y Melilla, gestionando el almacenamiento, la entrega y recogida de sus env\u00edos en tiempo y forma con plenas garant\u00edas y respetando el medio ambiente, los requisitos legales de aplicaci\u00f3n y expectativas de las partes interesadas.<\/p>\n<p><strong>SENDING<\/strong> est\u00e1 inmerso en el proceso de <strong>mejora continua<\/strong>, para lo que es fundamental, un buen conocimiento del sector de nuestras actividades, de las necesidades de nuestros clientes, una reducci\u00f3n en los costes de no calidad, realizando un completo estudio de los procesos internos y una correcta gesti\u00f3n, tanto de los recursos tanto humanos, como materiales de la organizaci\u00f3n y de los requisitos del contexto y de las partes interesadas (legales, reglamentarios, contractuales).<br \/>\nLa Compa\u00f1\u00eda, ha de identificar los requisitos de nuestros clientes de forma clara, y adem\u00e1s debemos ser capaces de identificar sus potenciales necesidades, con el objeto de poder dar el servicio que \u00e9l nos demande con los profesionales m\u00e1s cualificados.<\/p>\n<p>Por tanto<strong> SENDING<\/strong> se <strong>compromete a cumplir con los requisitos<\/strong> del cliente y los requisitos que nos sean de aplicaci\u00f3n<strong> (legales, reglamentarios y los que SENDING suscriba con las partes interesadas y el contexto donde se desarrolla la actividad)<\/strong>.<\/p>\n<p>SENDING se compromete con la <strong>protecci\u00f3n del medio ambiente<\/strong> y la <strong>prevenir la contaminaci\u00f3n<\/strong> con la correcta gesti\u00f3n de los residuos, con la elecci\u00f3n de los veh\u00edculos m\u00e1s respetuosos, con la elecci\u00f3n que equipos eficientes energ\u00e9ticamente, as\u00ed como con los compromisos espec\u00edficos del contexto y las partes interesadas.<\/p>\n<p>Para que esta organizaci\u00f3n siga el camino de la<strong> Mejora Continua<\/strong>, la direcci\u00f3n de <strong>SENDING<\/strong> establece esta Pol\u00edtica de Calidad, Ambiental y Operador Econ\u00f3mico Autorizado<strong> como marco de referencia para establecer y revisar Objetivos de Calidad y Ambientales<\/strong>.<\/p>\n<p>Se considera muy importante desde esta direcci\u00f3n, que la Pol\u00edtica de Calidad, Ambiental y Operador Econ\u00f3mico Autorizado, sea <strong>comunicada y entendida<\/strong> por todo el personal de <strong>SENDING<\/strong> y las partes interesadas que as\u00ed la soliciten.<\/p>\n<p>Para que esta Pol\u00edtica de Calidad, Ambiental y Operador Econ\u00f3mico Autorizado se mantenga actualizada y adecuada a<strong> SENDING,<\/strong> la direcci\u00f3n la <strong>revisa<\/strong> todos los a\u00f1os.<\/p>\n<p><strong>SENDING<\/strong>, quiere que nuestros servicios proporcionen un valor a\u00f1adido y ser la mejor y m\u00e1s completa soluci\u00f3n para nuestros clientes.<\/p>\n<p style=\"text-align: left;\" align=\"center\">Fecha: 19.07.19<\/p>\n<p>[\/vc_column_text][\/vc_column][\/vc_row]<\/p>\n<\/div>","protected":false},"excerpt":{"rendered":"<p>[vc_row css_animation=&#8221;&#8221; row_type=&#8221;row&#8221; use_row_as_full_screen_section=&#8221;no&#8221; type=&#8221;full_width&#8221; angled_section=&#8221;no&#8221; text_align=&#8221;left&#8221; background_image_as_pattern=&#8221;without_pattern&#8221; css=&#8221;.vc_custom_1588581243805{padding-bottom: 72px !important;}&#8221; z_index=&#8221;&#8221; el_class=&#8221;cookies&#8221;][vc_column][vc_column_text] POL\u00cdTICA DE CALIDAD, AMBIENTAL Y OPERADOR ECON\u00d3MICO AUTORIZADO La Direcci\u00f3n de SENDING TRANSPORTE URGENTE es consciente de la importancia de una prestaci\u00f3n del servicio respetuoso con el Medio Ambiente y de alta&#8230;<\/p>\n","protected":false},"author":3,"featured_media":0,"parent":0,"menu_order":0,"comment_status":"closed","ping_status":"open","template":"","meta":{"footnotes":""},"_links":{"self":[{"href":"https:\/\/www.sending.es\/ca\/wp-json\/wp\/v2\/pages\/4964"}],"collection":[{"href":"https:\/\/www.sending.es\/ca\/wp-json\/wp\/v2\/pages"}],"about":[{"href":"https:\/\/www.sending.es\/ca\/wp-json\/wp\/v2\/types\/page"}],"author":[{"embeddable":true,"href":"https:\/\/www.sending.es\/ca\/wp-json\/wp\/v2\/users\/3"}],"replies":[{"embeddable":true,"href":"https:\/\/www.sending.es\/ca\/wp-json\/wp\/v2\/comments?post=4964"}],"version-history":[{"count":0,"href":"https:\/\/www.sending.es\/ca\/wp-json\/wp\/v2\/pages\/4964\/revisions"}],"wp:attachment":[{"href":"https:\/\/www.sending.es\/ca\/wp-json\/wp\/v2\/media?parent=4964"}],"curies":[{"name":"wp","href":"https:\/\/api.w.org\/{rel}","templated":true}]}}