{"id":4407,"date":"2019-12-12T13:16:53","date_gmt":"2019-12-12T13:16:53","guid":{"rendered":"https:\/\/www.sending.es\/sectores\/"},"modified":"2022-07-01T08:44:19","modified_gmt":"2022-07-01T08:44:19","slug":"sektoren","status":"publish","type":"page","link":"https:\/\/www.sending.es\/de\/sektoren\/","title":{"rendered":"SAGEN SIE UNS, WAS SIE BRAUCHEN"},"content":{"rendered":"<div class=\"wpb-content-wrapper\"><p>[vc_row css_animation=&#8221;&#8221; row_type=&#8221;row&#8221; use_row_as_full_screen_section=&#8221;no&#8221; type=&#8221;grid&#8221; angled_section=&#8221;no&#8221; text_align=&#8221;left&#8221; background_image_as_pattern=&#8221;without_pattern&#8221; z_index=&#8221;&#8221; css=&#8221;.vc_custom_1578478023337{background-image: url(https:\/\/www.sending.es\/wp-content\/uploads\/2020\/01\/bg-sending-log02.png?id=983) !important;}&#8221;][vc_column][vc_empty_space height=&#8221;100px&#8221; el_class=&#8221;red-uno&#8221;][vc_row_inner row_type=&#8221;row&#8221; type=&#8221;full_width&#8221; text_align=&#8221;left&#8221; css_animation=&#8221;&#8221;][vc_column_inner width=&#8221;2\/3&#8243;][vc_column_text]<\/p>\n<p class=\"grande\">Gegenw\u00e4rtige Sektoren<\/p>\n<p>[\/vc_column_text][vc_column_text]<\/p>\n<p class=\"subt-ws solu\">Globale L\u00f6sungen<\/p>\n<p>[\/vc_column_text][\/vc_column_inner][vc_column_inner width=&#8221;1\/3&#8243;][\/vc_column_inner][\/vc_row_inner][vc_empty_space height=&#8221;60px&#8221; el_class=&#8221;espa-sect&#8221;][vc_column_text el_class=&#8221;border-left&#8221;]<\/p>\n<p class=\"txt-entrada\">Wir sind darauf spezialisiert, das Kundenerlebnis durch pers\u00f6nlichen Service und Anpassung der von uns angebotenen <strong>Tracking &amp; Tracing<\/strong>-Tools zu optimieren. Mit Echtzeit-Benachrichtigungen \u00fcber mobile Anwendungen und einem multidisziplin\u00e4ren und mehrsprachigen Team ist die <strong>Spezialisierung zu unserem wichtigsten Instrument auf dem Markt geworden<\/strong>, um unsere Kunden wettbewerbsf\u00e4higer zu machen. Wir sind f\u00fchrend in Branchen wie Optik, Mode und Schuhe, E-Commerce, IT, Automobil, Horeca Channel, Pharmazie und Orthop\u00e4die.<\/p>\n<p>[\/vc_column_text][vc_empty_space height=&#8221;120px&#8221; el_class=&#8221;espa-sect&#8221;][\/vc_column][\/vc_row][vc_row css_animation=&#8221;&#8221; row_type=&#8221;row&#8221; use_row_as_full_screen_section=&#8221;no&#8221; type=&#8221;full_width&#8221; angled_section=&#8221;no&#8221; text_align=&#8221;left&#8221; background_image_as_pattern=&#8221;without_pattern&#8221; css=&#8221;.vc_custom_1578049422183{background-image: url(https:\/\/www.sending.es\/wp-content\/uploads\/2020\/01\/bg03.png?id=937) !important;}&#8221; z_index=&#8221;&#8221;][vc_column][vc_row_inner row_type=&#8221;row&#8221; type=&#8221;grid&#8221; text_align=&#8221;left&#8221; css_animation=&#8221;&#8221;][vc_column_inner width=&#8221;1\/4&#8243;][vc_single_image image=&#8221;1262&#8243; img_size=&#8221;full&#8221; qode_css_animation=&#8221;&#8221;][\/vc_column_inner][vc_column_inner width=&#8221;3\/4&#8243; css=&#8221;.vc_custom_1578386050615{padding-left: 15% !important;}&#8221;][vc_column_text]<\/p>\n<p id=\"optik\" class=\"sector-titulo\">Zahnmedizin und<\/p>\n<p>[\/vc_column_text][vc_column_text]<\/p>\n<p class=\"sector-titulo-2\">Optik<\/p>\n<p>[\/vc_column_text][vc_empty_space height=&#8221;35px&#8221; el_class=&#8221;espa-sect3&#8243;][vc_column_text]<\/p>\n<p class=\"txt-subtitle\">Mit einem bedeutenden Marktanteil haben wir eine <strong>globale L\u00f6sung<\/strong> f\u00fcr die Optik- und Zahnmedizin-Branchen. Mit einer einfachen Anwendung k\u00f6nnen wir Sendungen an denselben Empf\u00e4nger gruppieren und die gesamte R\u00fcckw\u00e4rtslogistik des gesamten Optikernetzwerks verwalten.<\/p>\n<p>[\/vc_column_text][vc_empty_space height=&#8221;35px&#8221;][vc_column_text el_class=&#8221;border-left&#8221; css=&#8221;.vc_custom_1589966763922{padding-left: 15px !important;}&#8221;]<\/p>\n<p class=\"txt-subtitle\" style=\"color: grey; font-weight: 900;\"><em>Ma\u00dfgeschneiderte APP zur Verfolgung t\u00e4glicher Sendungen an Optiker und Zahnkliniken.<\/em><\/p>\n<p>[\/vc_column_text][\/vc_column_inner][\/vc_row_inner][\/vc_column][\/vc_row][vc_row css_animation=&#8221;&#8221; row_type=&#8221;row&#8221; use_row_as_full_screen_section=&#8221;no&#8221; type=&#8221;full_width&#8221; angled_section=&#8221;no&#8221; text_align=&#8221;left&#8221; background_image_as_pattern=&#8221;without_pattern&#8221;][vc_column][vc_empty_space height=&#8221;180px&#8221; el_class=&#8221;espa-sect2&#8243;][\/vc_column][\/vc_row][vc_row css_animation=&#8221;&#8221; row_type=&#8221;row&#8221; use_row_as_full_screen_section=&#8221;no&#8221; type=&#8221;full_width&#8221; angled_section=&#8221;no&#8221; text_align=&#8221;left&#8221; background_image_as_pattern=&#8221;without_pattern&#8221; css=&#8221;.vc_custom_1585905227649{background-image: url(https:\/\/www.sending.es\/wp-content\/uploads\/2020\/01\/bg04.png?id=944) !important;}&#8221; z_index=&#8221;&#8221; el_class=&#8221;no-peq&#8221;][vc_column][vc_row_inner row_type=&#8221;row&#8221; type=&#8221;grid&#8221; text_align=&#8221;left&#8221; css_animation=&#8221;&#8221;][vc_column_inner width=&#8221;3\/4&#8243; css=&#8221;.vc_custom_1578386058288{padding-right: 15% !important;}&#8221;][vc_column_text]<\/p>\n<p id=\"pharmazie\" class=\"sector-titulo\">Orthop\u00e4die und<\/p>\n<p>[\/vc_column_text][vc_column_text]<\/p>\n<p class=\"sector-titulo-2\">Pharmazie<\/p>\n<p>[\/vc_column_text][vc_empty_space height=&#8221;35px&#8221; el_class=&#8221;espa-sect3&#8243;][vc_column_text]<\/p>\n<p class=\"txt-subtitle\">Dringende Lieferungen mit garantierter mit <strong>Temperatur\u00fcberwachung und -kontrolle<\/strong> im Falle von Produkten, die dies erfordern, mit individueller Nachverfolgung und R\u00fcckverfolgbarkeit des Vorgangs in Echtzeit.<\/p>\n<p>[\/vc_column_text][vc_empty_space height=&#8221;35px&#8221;][vc_column_text el_class=&#8221;border-left&#8221; css=&#8221;.vc_custom_1589367389366{padding-left: 15px !important;}&#8221;]<\/p>\n<p class=\"txt-subtitle\" style=\"color: grey; font-weight: 900;\"><em>Wir arbeiten mit den wichtigsten Herstellern und Vertreibern von Orthop\u00e4die und Pharmazie in Spanien zusammen.<\/em><\/p>\n<p>[\/vc_column_text][\/vc_column_inner][vc_column_inner width=&#8221;1\/4&#8243;][vc_single_image image=&#8221;1261&#8243; img_size=&#8221;full&#8221; qode_css_animation=&#8221;&#8221;][\/vc_column_inner][\/vc_row_inner][\/vc_column][\/vc_row][vc_row css_animation=&#8221;&#8221; row_type=&#8221;row&#8221; use_row_as_full_screen_section=&#8221;no&#8221; type=&#8221;full_width&#8221; angled_section=&#8221;no&#8221; text_align=&#8221;left&#8221; background_image_as_pattern=&#8221;without_pattern&#8221; css=&#8221;.vc_custom_1585905132996{background-image: url(https:\/\/www.sending.es\/wp-content\/uploads\/2020\/01\/bg04.png?id=944) !important;}&#8221; z_index=&#8221;&#8221; el_class=&#8221;en-peq&#8221;][vc_column][vc_row_inner row_type=&#8221;row&#8221; type=&#8221;grid&#8221; text_align=&#8221;left&#8221; css_animation=&#8221;&#8221;][vc_column_inner width=&#8221;1\/4&#8243;][vc_single_image image=&#8221;1261&#8243; img_size=&#8221;full&#8221; qode_css_animation=&#8221;&#8221;][\/vc_column_inner][vc_column_inner width=&#8221;3\/4&#8243; css=&#8221;.vc_custom_1578386058288{padding-right: 15% !important;}&#8221;][vc_column_text]<\/p>\n<p id=\"pharmazie\" class=\"sector-titulo\">Orthop\u00e4die und<\/p>\n<p>[\/vc_column_text][vc_column_text]<\/p>\n<p class=\"sector-titulo-2\">Pharmazie<\/p>\n<p>[\/vc_column_text][vc_empty_space height=&#8221;35px&#8221; el_class=&#8221;espa-sect3&#8243;][vc_column_text]<\/p>\n<p class=\"txt-subtitle\">Dringende Lieferungen mit garantierter mit <strong>Temperatur\u00fcberwachung und -kontrolle<\/strong> im Falle von Produkten, die dies erfordern, mit individueller Nachverfolgung und R\u00fcckverfolgbarkeit des Vorgangs in Echtzeit.<\/p>\n<p>[\/vc_column_text][vc_empty_space height=&#8221;35px&#8221;][vc_column_text el_class=&#8221;border-left&#8221; css=&#8221;.vc_custom_1589367397778{padding-left: 15px !important;}&#8221;]<\/p>\n<p class=\"txt-subtitle\" style=\"color: grey; font-weight: 900;\"><em>Wir arbeiten mit den wichtigsten Herstellern und Vertreibern von Orthop\u00e4die und Pharmazie in Spanien zusammen.<\/em><\/p>\n<p>[\/vc_column_text][\/vc_column_inner][\/vc_row_inner][\/vc_column][\/vc_row][vc_row css_animation=&#8221;&#8221; row_type=&#8221;row&#8221; use_row_as_full_screen_section=&#8221;no&#8221; type=&#8221;full_width&#8221; angled_section=&#8221;no&#8221; text_align=&#8221;left&#8221; background_image_as_pattern=&#8221;without_pattern&#8221;][vc_column][vc_empty_space height=&#8221;180px&#8221; el_class=&#8221;espa-sect2&#8243;][\/vc_column][\/vc_row][vc_row css_animation=&#8221;&#8221; row_type=&#8221;row&#8221; use_row_as_full_screen_section=&#8221;no&#8221; type=&#8221;full_width&#8221; angled_section=&#8221;no&#8221; text_align=&#8221;left&#8221; background_image_as_pattern=&#8221;without_pattern&#8221; css=&#8221;.vc_custom_1578049422183{background-image: url(https:\/\/www.sending.es\/wp-content\/uploads\/2020\/01\/bg03.png?id=937) !important;}&#8221; z_index=&#8221;&#8221;][vc_column][vc_row_inner row_type=&#8221;row&#8221; type=&#8221;grid&#8221; text_align=&#8221;left&#8221; css_animation=&#8221;&#8221;][vc_column_inner width=&#8221;1\/4&#8243;][vc_single_image image=&#8221;963&#8243; img_size=&#8221;full&#8221; alignment=&#8221;center&#8221; qode_css_animation=&#8221;&#8221;][\/vc_column_inner][vc_column_inner width=&#8221;3\/4&#8243; css=&#8221;.vc_custom_1578386050615{padding-left: 15% !important;}&#8221;][vc_column_text]<\/p>\n<p id=\"ecommerce\" class=\"sector-titulo\">B2C<\/p>\n<p>[\/vc_column_text][vc_column_text]<\/p>\n<p class=\"sector-titulo-2\">E-Commerce<\/p>\n<p>[\/vc_column_text][vc_empty_space height=&#8221;35px&#8221; el_class=&#8221;espa-sect3&#8243;][vc_column_text]<\/p>\n<p class=\"txt-subtitle\">Wir arbeiten auf einfache und flexible Weise mit E-Commerce-Plattformen wie <strong>PrestaShop, Woo Commerce, Shopify oder Magento&#8230;<\/strong> Wir setzen auf eine sehr dynamische L\u00f6sung, die vor und w\u00e4hrend der Zustellung der Sendung mit dem Empf\u00e4nger interagiert. Auf diese Weise maximieren wir die Zustellquoten in diesen Diensten sowie die Verwaltung der Zustelllogistik. Die Empf\u00e4nger unserer Kunden k\u00f6nnen die Zustellzeiten selbst verwalten, indem sie die Zeitfenster ausw\u00e4hlen, in denen sie ihre Sendungen erhalten m\u00f6chten.<\/p>\n<p>[\/vc_column_text][vc_empty_space height=&#8221;35px&#8221;][vc_column_text el_class=&#8221;border-left&#8221; css=&#8221;.vc_custom_1589367406143{padding-left: 15px !important;}&#8221;]<\/p>\n<p class=\"txt-subtitle\" style=\"color: grey; font-weight: 900;\"><em>Sending wurde von der Handelskammer als die beste E-Commerce-L\u00f6sung ausgew\u00e4hlt.<\/em><\/p>\n<p>[\/vc_column_text][\/vc_column_inner][\/vc_row_inner][\/vc_column][\/vc_row][vc_row css_animation=&#8221;&#8221; row_type=&#8221;row&#8221; use_row_as_full_screen_section=&#8221;no&#8221; type=&#8221;full_width&#8221; angled_section=&#8221;no&#8221; text_align=&#8221;left&#8221; background_image_as_pattern=&#8221;without_pattern&#8221;][vc_column][vc_empty_space height=&#8221;180px&#8221; el_class=&#8221;espa-sect2&#8243;][\/vc_column][\/vc_row][vc_row css_animation=&#8221;&#8221; row_type=&#8221;row&#8221; use_row_as_full_screen_section=&#8221;no&#8221; type=&#8221;full_width&#8221; angled_section=&#8221;no&#8221; text_align=&#8221;left&#8221; background_image_as_pattern=&#8221;without_pattern&#8221; css=&#8221;.vc_custom_1585905250587{background-image: url(https:\/\/www.sending.es\/wp-content\/uploads\/2020\/01\/bg04.png?id=944) !important;}&#8221; z_index=&#8221;&#8221; el_class=&#8221;no-peq&#8221;][vc_column][vc_row_inner row_type=&#8221;row&#8221; type=&#8221;grid&#8221; text_align=&#8221;left&#8221; css_animation=&#8221;&#8221;][vc_column_inner width=&#8221;3\/4&#8243; css=&#8221;.vc_custom_1578386058288{padding-right: 15% !important;}&#8221;][vc_column_text]<\/p>\n<p id=\"krankenhauser\" class=\"sector-titulo\">Krankenhauslogistik<\/p>\n<p>[\/vc_column_text][vc_empty_space height=&#8221;35px&#8221; el_class=&#8221;espa-sect3&#8243;][vc_column_text]<\/p>\n<p class=\"txt-subtitle\">Spezifische L\u00f6sungen f\u00fcr <strong>Lieferungen an gro\u00dfen Krankenhausgesellschaften<\/strong> (Lagerh\u00e4user, Operationss\u00e4le usw.). Wir bieten Antworten auf die Bed\u00fcrfnisse der Spezialisierung in diesem Bereich, sowie die Verwaltung der erforderlichen Dokumentation, die Optimierung der Lieferzeiten und die Gew\u00e4hrleistung der Kundenzufriedenheit.<\/p>\n<p>[\/vc_column_text][vc_empty_space height=&#8221;35px&#8221;][vc_column_text el_class=&#8221;border-left&#8221; css=&#8221;.vc_custom_1589367414507{padding-left: 15px !important;}&#8221;]<\/p>\n<p class=\"txt-subtitle\" style=\"color: grey; font-weight: 900;\"><em>Spezialisiert auf dedizierte Dienstleistungen f\u00fcr komplexe Lieferungen im Gesundheitssektor.<\/em><\/p>\n<p>[\/vc_column_text][\/vc_column_inner][vc_column_inner width=&#8221;1\/4&#8243;][vc_single_image image=&#8221;1263&#8243; img_size=&#8221;full&#8221; qode_css_animation=&#8221;&#8221;][\/vc_column_inner][\/vc_row_inner][\/vc_column][\/vc_row][vc_row css_animation=&#8221;&#8221; row_type=&#8221;row&#8221; use_row_as_full_screen_section=&#8221;no&#8221; type=&#8221;full_width&#8221; angled_section=&#8221;no&#8221; text_align=&#8221;left&#8221; background_image_as_pattern=&#8221;without_pattern&#8221; css=&#8221;.vc_custom_1578056343643{background-image: url(https:\/\/www.sending.es\/wp-content\/uploads\/2020\/01\/bg04.png?id=944) !important;}&#8221; z_index=&#8221;&#8221;][vc_column][vc_row_inner row_type=&#8221;row&#8221; type=&#8221;grid&#8221; text_align=&#8221;left&#8221; css_animation=&#8221;&#8221; el_class=&#8221;en-peq&#8221;][vc_column_inner width=&#8221;1\/4&#8243;][vc_single_image image=&#8221;1263&#8243; img_size=&#8221;full&#8221; qode_css_animation=&#8221;&#8221;][\/vc_column_inner][vc_column_inner width=&#8221;3\/4&#8243; css=&#8221;.vc_custom_1578386058288{padding-right: 15% !important;}&#8221;][vc_column_text]<\/p>\n<p id=\"krankenhauser\" class=\"sector-titulo\">Krankenhauslogistik<\/p>\n<p>[\/vc_column_text][vc_empty_space height=&#8221;35px&#8221; el_class=&#8221;espa-sect3&#8243;][vc_column_text]<\/p>\n<p class=\"txt-subtitle\">Spezifische L\u00f6sungen f\u00fcr <strong>Lieferungen an gro\u00dfen Krankenhausgesellschaften<\/strong> (Lagerh\u00e4user, Operationss\u00e4le usw.). Wir bieten Antworten auf die Bed\u00fcrfnisse der Spezialisierung in diesem Bereich, sowie die Verwaltung der erforderlichen Dokumentation, die Optimierung der Lieferzeiten und die Gew\u00e4hrleistung der Kundenzufriedenheit.<\/p>\n<p>[\/vc_column_text][vc_empty_space height=&#8221;35px&#8221;][vc_column_text el_class=&#8221;border-left&#8221; css=&#8221;.vc_custom_1589367422413{padding-left: 15px !important;}&#8221;]<\/p>\n<p class=\"txt-subtitle\" style=\"color: grey; font-weight: 900;\"><em>Spezialisiert auf dedizierte Dienstleistungen f\u00fcr komplexe Lieferungen im Gesundheitssektor.<\/em><\/p>\n<p>[\/vc_column_text][\/vc_column_inner][\/vc_row_inner][\/vc_column][\/vc_row][vc_row css_animation=&#8221;&#8221; row_type=&#8221;row&#8221; use_row_as_full_screen_section=&#8221;no&#8221; type=&#8221;full_width&#8221; angled_section=&#8221;no&#8221; text_align=&#8221;left&#8221; background_image_as_pattern=&#8221;without_pattern&#8221;][vc_column][vc_empty_space height=&#8221;180px&#8221; el_class=&#8221;espa-sect2&#8243;][\/vc_column][\/vc_row][vc_row css_animation=&#8221;&#8221; row_type=&#8221;row&#8221; use_row_as_full_screen_section=&#8221;no&#8221; type=&#8221;full_width&#8221; angled_section=&#8221;no&#8221; text_align=&#8221;left&#8221; background_image_as_pattern=&#8221;without_pattern&#8221; css=&#8221;.vc_custom_1578049422183{background-image: url(https:\/\/www.sending.es\/wp-content\/uploads\/2020\/01\/bg03.png?id=937) !important;}&#8221; z_index=&#8221;&#8221;][vc_column][vc_row_inner row_type=&#8221;row&#8221; type=&#8221;grid&#8221; text_align=&#8221;left&#8221; css_animation=&#8221;&#8221;][vc_column_inner width=&#8221;1\/4&#8243;][vc_single_image image=&#8221;1264&#8243; img_size=&#8221;full&#8221; alignment=&#8221;center&#8221; qode_css_animation=&#8221;&#8221;][\/vc_column_inner][vc_column_inner width=&#8221;3\/4&#8243; css=&#8221;.vc_custom_1578386050615{padding-left: 15% !important;}&#8221;][vc_column_text]<\/p>\n<p id=\"it\" class=\"sector-titulo\">Unterhaltungselektronik<\/p>\n<p>[\/vc_column_text][vc_empty_space height=&#8221;35px&#8221; el_class=&#8221;espa-sect3&#8243;][vc_column_text]<\/p>\n<p class=\"txt-subtitle\">Mehrwertdienste f\u00fcr Produkte der Unterhaltungselektronik. Wir transportieren die <strong>Waren<\/strong> mit pr\u00e4ventiven Sicherheitsverfahren, um die Lieferung zu gew\u00e4hrleisten.<\/p>\n<p>[\/vc_column_text][vc_empty_space height=&#8221;35px&#8221;][vc_column_text el_class=&#8221;border-left&#8221; css=&#8221;.vc_custom_1589367430351{padding-left: 15px !important;}&#8221;]<\/p>\n<p class=\"txt-subtitle\" style=\"color: grey; font-weight: 900;\"><em>Dynamische L\u00f6sungen f\u00fcr Abholungen und Lieferungen im Reparaturservice.<\/em><\/p>\n<p>[\/vc_column_text][\/vc_column_inner][\/vc_row_inner][\/vc_column][\/vc_row][vc_row css_animation=&#8221;&#8221; row_type=&#8221;row&#8221; use_row_as_full_screen_section=&#8221;no&#8221; type=&#8221;full_width&#8221; angled_section=&#8221;no&#8221; text_align=&#8221;left&#8221; background_image_as_pattern=&#8221;without_pattern&#8221;][vc_column][vc_empty_space height=&#8221;180px&#8221; el_class=&#8221;espa-sect2&#8243;][\/vc_column][\/vc_row][vc_row css_animation=&#8221;&#8221; row_type=&#8221;row&#8221; use_row_as_full_screen_section=&#8221;no&#8221; type=&#8221;full_width&#8221; angled_section=&#8221;no&#8221; text_align=&#8221;left&#8221; background_image_as_pattern=&#8221;without_pattern&#8221; css=&#8221;.vc_custom_1585905284359{background-image: url(https:\/\/www.sending.es\/wp-content\/uploads\/2020\/01\/bg04.png?id=944) !important;}&#8221; z_index=&#8221;&#8221; el_class=&#8221;no-peq&#8221;][vc_column][vc_row_inner row_type=&#8221;row&#8221; type=&#8221;grid&#8221; text_align=&#8221;left&#8221; css_animation=&#8221;&#8221;][vc_column_inner width=&#8221;3\/4&#8243; css=&#8221;.vc_custom_1578386058288{padding-right: 15% !important;}&#8221;][vc_column_text]<\/p>\n<p id=\"automobil\" class=\"sector-titulo\">Komponenten und<\/p>\n<p>[\/vc_column_text][vc_column_text]<\/p>\n<p class=\"sector-titulo-2\">Automotive<\/p>\n<p>[\/vc_column_text][vc_empty_space height=&#8221;35px&#8221; el_class=&#8221;espa-sect3&#8243;][vc_column_text]<\/p>\n<p class=\"txt-subtitle\">Spezifische Dienstleistungen f\u00fcr die Lieferung von Teilen und Ersatzteilen an <strong>H\u00e4ndler<\/strong> mit unterschiedlichen Lieferzeiten: am n\u00e4chsten Tag, am selben Tag und dedizierte Dienstleistungen, um die Fristen ihrer Kunden zu optimieren.<\/p>\n<p>[\/vc_column_text][vc_empty_space height=&#8221;35px&#8221;][vc_column_text el_class=&#8221;border-left&#8221; css=&#8221;.vc_custom_1589367439121{padding-left: 15px !important;}&#8221;]<\/p>\n<p class=\"txt-subtitle\" style=\"color: grey; font-weight: 900;\"><em>Nachtlieferdienst an H\u00e4ndler.<\/em><\/p>\n<p>[\/vc_column_text][\/vc_column_inner][vc_column_inner width=&#8221;1\/4&#8243;][vc_single_image image=&#8221;1265&#8243; img_size=&#8221;full&#8221; alignment=&#8221;center&#8221; qode_css_animation=&#8221;&#8221;][\/vc_column_inner][\/vc_row_inner][\/vc_column][\/vc_row][vc_row css_animation=&#8221;&#8221; row_type=&#8221;row&#8221; use_row_as_full_screen_section=&#8221;no&#8221; type=&#8221;full_width&#8221; angled_section=&#8221;no&#8221; text_align=&#8221;left&#8221; background_image_as_pattern=&#8221;without_pattern&#8221; css=&#8221;.vc_custom_1585905291426{background-image: url(https:\/\/www.sending.es\/wp-content\/uploads\/2020\/01\/bg04.png?id=944) !important;}&#8221; z_index=&#8221;&#8221; el_class=&#8221;en-peq&#8221;][vc_column][vc_row_inner row_type=&#8221;row&#8221; type=&#8221;grid&#8221; text_align=&#8221;left&#8221; css_animation=&#8221;&#8221;][vc_column_inner width=&#8221;1\/4&#8243;][vc_single_image image=&#8221;1265&#8243; img_size=&#8221;full&#8221; alignment=&#8221;center&#8221; qode_css_animation=&#8221;&#8221;][\/vc_column_inner][vc_column_inner width=&#8221;3\/4&#8243; css=&#8221;.vc_custom_1578386058288{padding-right: 15% !important;}&#8221;][vc_column_text]<\/p>\n<p id=\"automobil\" class=\"sector-titulo\">Komponenten und<\/p>\n<p>[\/vc_column_text][vc_column_text]<\/p>\n<p class=\"sector-titulo-2\">Automotive<\/p>\n<p>[\/vc_column_text][vc_empty_space height=&#8221;35px&#8221; el_class=&#8221;espa-sect3&#8243;][vc_column_text]<\/p>\n<p class=\"txt-subtitle\">Spezifische Dienstleistungen f\u00fcr die Lieferung von Teilen und Ersatzteilen an <strong>H\u00e4ndler<\/strong> mit unterschiedlichen Lieferzeiten: am n\u00e4chsten Tag, am selben Tag und dedizierte Dienstleistungen, um die Fristen ihrer Kunden zu optimieren.<\/p>\n<p>[\/vc_column_text][vc_empty_space height=&#8221;35px&#8221;][vc_column_text el_class=&#8221;border-left&#8221; css=&#8221;.vc_custom_1589367447336{padding-left: 15px !important;}&#8221;]<\/p>\n<p class=\"txt-subtitle\" style=\"color: grey; font-weight: 900;\"><em>Nachtlieferdienst an H\u00e4ndler.<\/em><\/p>\n<p>[\/vc_column_text][\/vc_column_inner][\/vc_row_inner][\/vc_column][\/vc_row][vc_row css_animation=&#8221;&#8221; row_type=&#8221;row&#8221; use_row_as_full_screen_section=&#8221;no&#8221; type=&#8221;full_width&#8221; angled_section=&#8221;no&#8221; text_align=&#8221;left&#8221; background_image_as_pattern=&#8221;without_pattern&#8221;][vc_column][vc_empty_space height=&#8221;180px&#8221; el_class=&#8221;espa-sect2&#8243;][\/vc_column][\/vc_row][vc_row css_animation=&#8221;&#8221; row_type=&#8221;row&#8221; use_row_as_full_screen_section=&#8221;no&#8221; type=&#8221;full_width&#8221; angled_section=&#8221;no&#8221; text_align=&#8221;left&#8221; background_image_as_pattern=&#8221;without_pattern&#8221; css=&#8221;.vc_custom_1578049422183{background-image: url(https:\/\/www.sending.es\/wp-content\/uploads\/2020\/01\/bg03.png?id=937) !important;}&#8221; z_index=&#8221;&#8221;][vc_column][vc_row_inner row_type=&#8221;row&#8221; type=&#8221;grid&#8221; text_align=&#8221;left&#8221; css_animation=&#8221;&#8221;][vc_column_inner width=&#8221;1\/4&#8243;][vc_single_image image=&#8221;985&#8243; img_size=&#8221;full&#8221; qode_css_animation=&#8221;&#8221;][\/vc_column_inner][vc_column_inner width=&#8221;3\/4&#8243; css=&#8221;.vc_custom_1584099619234{padding-left: 15% !important;}&#8221;][vc_column_text]<\/p>\n<p id=\"mode\" class=\"sector-titulo\">Schuhe und<\/p>\n<p>[\/vc_column_text][vc_column_text]<\/p>\n<p class=\"sector-titulo-2\">Textilien<\/p>\n<p>[\/vc_column_text][vc_empty_space height=&#8221;35px&#8221; el_class=&#8221;espa-sect3&#8243;][vc_column_text]<\/p>\n<p class=\"txt-subtitle\">Wir sind Spezialisten f\u00fcr <strong>Verteilungsl\u00f6sungen<\/strong> im Retail-Bereich. Lieferdienste f\u00fcr Einzelpersonen und Gesch\u00e4fte. Wir verbessern das Kundenerlebnis, indem wir das Markenimage unserer Kunden st\u00e4rken.<\/p>\n<p>[\/vc_column_text][vc_empty_space height=&#8221;35px&#8221;][vc_column_text el_class=&#8221;border-left&#8221; css=&#8221;.vc_custom_1589367457246{padding-left: 15px !important;}&#8221;]<\/p>\n<p class=\"txt-subtitle\" style=\"color: grey; font-weight: 900;\"><em>Spezifische R\u00fcckw\u00e4rtslogistik-L\u00f6sungen, die an die Besonderheiten jedes Kunden angepasst sind.<\/em><\/p>\n<p>[\/vc_column_text][\/vc_column_inner][\/vc_row_inner][\/vc_column][\/vc_row][vc_row css_animation=&#8221;&#8221; row_type=&#8221;row&#8221; use_row_as_full_screen_section=&#8221;no&#8221; type=&#8221;full_width&#8221; angled_section=&#8221;no&#8221; text_align=&#8221;left&#8221; background_image_as_pattern=&#8221;without_pattern&#8221;][vc_column][vc_empty_space height=&#8221;120px&#8221;][\/vc_column][\/vc_row]<\/p>\n<\/div>","protected":false},"excerpt":{"rendered":"<p>[vc_row css_animation=&#8221;&#8221; row_type=&#8221;row&#8221; use_row_as_full_screen_section=&#8221;no&#8221; type=&#8221;grid&#8221; angled_section=&#8221;no&#8221; text_align=&#8221;left&#8221; background_image_as_pattern=&#8221;without_pattern&#8221; z_index=&#8221;&#8221; css=&#8221;.vc_custom_1578478023337{background-image: url(https:\/\/www.sending.es\/wp-content\/uploads\/2020\/01\/bg-sending-log02.png?id=983) !important;}&#8221;][vc_column][vc_empty_space height=&#8221;100px&#8221; el_class=&#8221;red-uno&#8221;][vc_row_inner row_type=&#8221;row&#8221; type=&#8221;full_width&#8221; text_align=&#8221;left&#8221; css_animation=&#8221;&#8221;][vc_column_inner width=&#8221;2\/3&#8243;][vc_column_text] Gegenw\u00e4rtige Sektoren [\/vc_column_text][vc_column_text] Globale L\u00f6sungen [\/vc_column_text][\/vc_column_inner][vc_column_inner width=&#8221;1\/3&#8243;][\/vc_column_inner][\/vc_row_inner][vc_empty_space height=&#8221;60px&#8221; el_class=&#8221;espa-sect&#8221;][vc_column_text el_class=&#8221;border-left&#8221;] Wir sind darauf spezialisiert, das Kundenerlebnis durch pers\u00f6nlichen Service und Anpassung der von uns angebotenen Tracking&#8230;<\/p>\n","protected":false},"author":3,"featured_media":0,"parent":0,"menu_order":0,"comment_status":"closed","ping_status":"closed","template":"full_width.php","meta":{"footnotes":""},"_links":{"self":[{"href":"https:\/\/www.sending.es\/de\/wp-json\/wp\/v2\/pages\/4407"}],"collection":[{"href":"https:\/\/www.sending.es\/de\/wp-json\/wp\/v2\/pages"}],"about":[{"href":"https:\/\/www.sending.es\/de\/wp-json\/wp\/v2\/types\/page"}],"author":[{"embeddable":true,"href":"https:\/\/www.sending.es\/de\/wp-json\/wp\/v2\/users\/3"}],"replies":[{"embeddable":true,"href":"https:\/\/www.sending.es\/de\/wp-json\/wp\/v2\/comments?post=4407"}],"version-history":[{"count":2,"href":"https:\/\/www.sending.es\/de\/wp-json\/wp\/v2\/pages\/4407\/revisions"}],"predecessor-version":[{"id":10018,"href":"https:\/\/www.sending.es\/de\/wp-json\/wp\/v2\/pages\/4407\/revisions\/10018"}],"wp:attachment":[{"href":"https:\/\/www.sending.es\/de\/wp-json\/wp\/v2\/media?parent=4407"}],"curies":[{"name":"wp","href":"https:\/\/api.w.org\/{rel}","templated":true}]}}