{"id":3306,"date":"2020-02-07T10:24:15","date_gmt":"2020-02-07T10:24:15","guid":{"rendered":"https:\/\/www.sending.es\/area-comercial\/"},"modified":"2022-01-31T08:55:31","modified_gmt":"2022-01-31T08:55:31","slug":"vous-souhaitez-nous-connaitre","status":"publish","type":"page","link":"https:\/\/www.sending.es\/fr\/vous-souhaitez-nous-connaitre\/","title":{"rendered":"VOUS SOUHAITEZ NOUS CONNA\u00ceTRE ?"},"content":{"rendered":"<div class=\"wpb-content-wrapper\"><p>[vc_row css_animation=&#8221;&#8221; row_type=&#8221;row&#8221; use_row_as_full_screen_section=&#8221;no&#8221; type=&#8221;grid&#8221; angled_section=&#8221;no&#8221; text_align=&#8221;left&#8221; background_image_as_pattern=&#8221;without_pattern&#8221; z_index=&#8221;&#8221;][vc_column][vc_empty_space height=&#8221;100px&#8221; el_class=&#8221;espa-conocer&#8221;][vc_row_inner row_type=&#8221;row&#8221; type=&#8221;grid&#8221; text_align=&#8221;left&#8221; css_animation=&#8221;&#8221; css=&#8221;.vc_custom_1578042045341{margin-right: 10px !important;margin-left: 10px !important;}&#8221;][vc_column_inner][vc_column_text el_class=&#8221;border-left&#8221; css=&#8221;.vc_custom_1589199005030{padding-left: 30px !important;}&#8221;]<\/p>\n<p class=\"txt-subtitle\">Chez <strong>Sending<\/strong> le bien-\u00eatre de nos clients est notre souci, nous \u00e9tablissons un contact permanent avec eux et leur offrons le service qui s&#8217;adapte le mieux \u00e0 leurs besoins.<\/p>\n<p>[\/vc_column_text][\/vc_column_inner][\/vc_row_inner][vc_empty_space height=&#8221;50px&#8221;][\/vc_column][\/vc_row][vc_row css_animation=&#8221;&#8221; row_type=&#8221;row&#8221; use_row_as_full_screen_section=&#8221;no&#8221; type=&#8221;grid&#8221; angled_section=&#8221;no&#8221; text_align=&#8221;left&#8221; background_image_as_pattern=&#8221;without_pattern&#8221; z_index=&#8221;&#8221; css=&#8221;.vc_custom_1584032683001{margin-right: 3% !important;margin-left: 3% !important;}&#8221; el_class=&#8221;form-conocer&#8221;][vc_column][vc_raw_html css=&#8221;.vc_custom_1620145490334{padding-right: 20% !important;padding-left: 20% !important;}&#8221; el_class=&#8221;form-padding&#8221;]JTNDaDMlMjBjbGFzcyUzRCUyMnR4dC1zdWJ0aXRsZS1ub3ZvJTIwJTIyJTIwc3R5bGUlM0QlMjJ0ZXh0LWFsaWduJTNBJTIwY2VudGVyJTNCJTIyJTNFQ09OVEFDVEVaLU5PVVMlMjBQT1VSJTIwUVUlMjdVTiUyME1FTUJSRSUyMERFJTIwTk9UUkUlMjAlQzMlODlRVUlQRSUyMENPTU1FUkNJQUxFJTIwVFJBSVRFJTIwVk9UUkUlMjBERU1BTkRFJTNDJTJGaDMlM0UlMEElMEElNUJjb250YWN0LWZvcm0tNyUyMGlkJTNEJTIyMzMwOSUyMiUyMHRpdGxlJTNEJTIyRm9ybXVsYXJpbyUyMGRlJTIwY29udGFjdG8lMjBmcmFuY2VzJTIyJTVE[\/vc_raw_html][vc_empty_space height=&#8221;50px&#8221;][\/vc_column][\/vc_row][vc_row css_animation=&#8221;&#8221; row_type=&#8221;row&#8221; use_row_as_full_screen_section=&#8221;no&#8221; type=&#8221;full_width&#8221; angled_section=&#8221;no&#8221; text_align=&#8221;left&#8221; background_image_as_pattern=&#8221;without_pattern&#8221; css=&#8221;.vc_custom_1594646066577{padding-top: 48px !important;padding-bottom: 96px !important;background-image: url(https:\/\/www.sending.es\/wp-content\/uploads\/2020\/07\/bg04.png?id=5825) !important;}&#8221; z_index=&#8221;&#8221;][vc_column][vc_row_inner row_type=&#8221;row&#8221; type=&#8221;grid&#8221; text_align=&#8221;left&#8221; css_animation=&#8221;&#8221;][vc_column_inner][vc_raw_html css=&#8221;.vc_custom_1620145572656{padding-right: 20% !important;padding-left: 20% !important;}&#8221;]JTNDaDMlMjBjbGFzcyUzRCUyMnR4dC1zdWJ0aXRsZS1ub3ZvJTIwZ3JhbmRlJTIyJTIwc3R5bGUlM0QlMjJ0ZXh0LWFsaWduJTNBJTIwcmlnaHQlM0IlMjIlM0VOT1MlMjBDTElFTlRTJTIwUkFDT05URU5UJTNDJTJGaDMlM0UlMEElMEE=[\/vc_raw_html][\/vc_column_inner][\/vc_row_inner][qode_preview_slider][qode_preview_slider_item target=&#8221;_blank&#8221; big_image=&#8221;9246&#8243; link=&#8221;https:\/\/www.sending.es\/fr\/client\/estrella-galicia\/&#8221;][qode_preview_slider_item target=&#8221;_blank&#8221; big_image=&#8221;6857&#8243; link=&#8221;https:\/\/www.sending.es\/fr\/client\/game\/&#8221;][qode_preview_slider_item target=&#8221;_blank&#8221; big_image=&#8221;6881&#8243; link=&#8221;https:\/\/www.sending.es\/fr\/client\/pompeii\/&#8221;][qode_preview_slider_item target=&#8221;_blank&#8221; big_image=&#8221;6865&#8243; link=&#8221;https:\/\/www.sending.es\/fr\/client\/gioseppo-video\/&#8221;][qode_preview_slider_item target=&#8221;_blank&#8221; big_image=&#8221;6877&#8243; link=&#8221;https:\/\/www.sending.es\/fr\/client\/parafina\/&#8221;][qode_preview_slider_item target=&#8221;_blank&#8221; big_image=&#8221;8523&#8243; link=&#8221;https:\/\/www.sending.es\/fr\/client\/nog\/&#8221;][qode_preview_slider_item target=&#8221;_blank&#8221; big_image=&#8221;8531&#8243; link=&#8221;https:\/\/www.sending.es\/fr\/client\/yanbal\/&#8221;][\/qode_preview_slider][\/vc_column][\/vc_row]<\/p>\n<\/div>","protected":false},"excerpt":{"rendered":"<p>[vc_row css_animation=&#8221;&#8221; row_type=&#8221;row&#8221; use_row_as_full_screen_section=&#8221;no&#8221; type=&#8221;grid&#8221; angled_section=&#8221;no&#8221; text_align=&#8221;left&#8221; background_image_as_pattern=&#8221;without_pattern&#8221; z_index=&#8221;&#8221;][vc_column][vc_empty_space height=&#8221;100px&#8221; el_class=&#8221;espa-conocer&#8221;][vc_row_inner row_type=&#8221;row&#8221; type=&#8221;grid&#8221; text_align=&#8221;left&#8221; css_animation=&#8221;&#8221; css=&#8221;.vc_custom_1578042045341{margin-right: 10px !important;margin-left: 10px !important;}&#8221;][vc_column_inner][vc_column_text el_class=&#8221;border-left&#8221; css=&#8221;.vc_custom_1589199005030{padding-left: 30px !important;}&#8221;] Chez Sending le bien-\u00eatre de nos clients est notre souci, nous \u00e9tablissons un contact permanent avec eux et leur offrons le&#8230;<\/p>\n","protected":false},"author":3,"featured_media":0,"parent":0,"menu_order":0,"comment_status":"closed","ping_status":"closed","template":"full_width.php","meta":{"footnotes":""},"_links":{"self":[{"href":"https:\/\/www.sending.es\/fr\/wp-json\/wp\/v2\/pages\/3306"}],"collection":[{"href":"https:\/\/www.sending.es\/fr\/wp-json\/wp\/v2\/pages"}],"about":[{"href":"https:\/\/www.sending.es\/fr\/wp-json\/wp\/v2\/types\/page"}],"author":[{"embeddable":true,"href":"https:\/\/www.sending.es\/fr\/wp-json\/wp\/v2\/users\/3"}],"replies":[{"embeddable":true,"href":"https:\/\/www.sending.es\/fr\/wp-json\/wp\/v2\/comments?post=3306"}],"version-history":[{"count":0,"href":"https:\/\/www.sending.es\/fr\/wp-json\/wp\/v2\/pages\/3306\/revisions"}],"wp:attachment":[{"href":"https:\/\/www.sending.es\/fr\/wp-json\/wp\/v2\/media?parent=3306"}],"curies":[{"name":"wp","href":"https:\/\/api.w.org\/{rel}","templated":true}]}}