{"id":3311,"date":"2019-12-12T13:17:13","date_gmt":"2019-12-12T13:17:13","guid":{"rendered":"https:\/\/www.sending.es\/servicios\/"},"modified":"2023-01-19T11:47:35","modified_gmt":"2023-01-19T11:47:35","slug":"services","status":"publish","type":"page","link":"https:\/\/www.sending.es\/fr\/services\/","title":{"rendered":"EXP\u00c9RIENCE CLIENT"},"content":{"rendered":"<div class=\"wpb-content-wrapper\"><p>[vc_row css_animation=&#8221;&#8221; row_type=&#8221;row&#8221; use_row_as_full_screen_section=&#8221;no&#8221; type=&#8221;full_width&#8221; angled_section=&#8221;no&#8221; text_align=&#8221;left&#8221; background_image_as_pattern=&#8221;without_pattern&#8221;][vc_column][vc_empty_space height=&#8221;100px&#8221; el_class=&#8221;red-uno&#8221;][vc_row_inner row_type=&#8221;row&#8221; type=&#8221;grid&#8221; text_align=&#8221;left&#8221; css_animation=&#8221;&#8221;][vc_column_inner width=&#8221;2\/3&#8243;][vc_column_text]<\/p>\n<p class=\"grande\">Services fournis<\/p>\n<p>[\/vc_column_text][vc_column_text]<\/p>\n<p class=\"subt-ws\">Solutions globales<\/p>\n<p>[\/vc_column_text][vc_empty_space height=&#8221;60px&#8221; el_class=&#8221;qser-espa&#8221;][\/vc_column_inner][vc_column_inner width=&#8221;1\/3&#8243;][\/vc_column_inner][\/vc_row_inner][vc_row_inner row_type=&#8221;row&#8221; type=&#8221;grid&#8221; text_align=&#8221;left&#8221; css_animation=&#8221;&#8221;][vc_column_inner][vc_column_text el_class=&#8221;border-left&#8221; css=&#8221;.vc_custom_1674128833171{padding-left: 15px !important;}&#8221;]<\/p>\n<p class=\"txt-entrada\">Sending est votre entreprise de <strong>transport urgent et logistique<\/strong>. Gr\u00e2ce \u00e0 notre flotte de 1.510 v\u00e9hicules, nous offrons une couverture en Espagne, au Portugal, en Andorre, \u00e0 Ceuta, Melilla ainsi que le meilleur service insulaire aux Canaries, aux Bal\u00e9ares et aux A\u00e7ores. Nous offrons un large \u00e9ventail de services personnalis\u00e9s en fonction des besoins de nos clients.<\/p>\n<p>[\/vc_column_text][\/vc_column_inner][\/vc_row_inner][vc_empty_space height=&#8221;200px&#8221; el_class=&#8221;red-dos otro-servespa&#8221;][\/vc_column][\/vc_row][vc_row css_animation=&#8221;&#8221; row_type=&#8221;row&#8221; use_row_as_full_screen_section=&#8221;no&#8221; type=&#8221;full_width&#8221; angled_section=&#8221;no&#8221; text_align=&#8221;left&#8221; background_image_as_pattern=&#8221;without_pattern&#8221; css=&#8221;.vc_custom_1581526016370{background-image: url(https:\/\/www.sending.es\/wp-content\/uploads\/2020\/01\/bg03.png?id=937) !important;}&#8221; z_index=&#8221;&#8221;][vc_column][vc_row_inner row_type=&#8221;row&#8221; type=&#8221;grid&#8221; text_align=&#8221;left&#8221; css_animation=&#8221;&#8221; el_class=&#8221;modificar&#8221;][vc_column_inner width=&#8221;1\/4&#8243;][vc_single_image image=&#8221;3483&#8243; img_size=&#8221;full&#8221; qode_css_animation=&#8221;&#8221; el_class=&#8221;k-mob&#8221;][\/vc_column_inner][vc_column_inner width=&#8221;3\/4&#8243; css=&#8221;.vc_custom_1581582924739{padding-left: 15% !important;}&#8221;][vc_column_text]<\/p>\n<p id=\"transport\" class=\"sector-titulo-3\">Transport<\/p>\n<p>[\/vc_column_text][vc_empty_space height=&#8221;35px&#8221; el_class=&#8221;ocultar-linea&#8221;][vc_column_text]<\/p>\n<p class=\"txt-subtitle\">Engag\u00e9s pour r\u00e9aliser vos livraisons toujours<strong> \u00e0 temps, en toute s\u00e9curit\u00e9 et avec un contr\u00f4le total.<\/strong> Nous surveillons nos v\u00e9hicules et appliquons la technologie la plus avanc\u00e9e pour un contr\u00f4le total de la marchandise. De plus, nous travaillons de mani\u00e8re simple main dans la main avec notre client pour lui offrir des informations en temps r\u00e9el <strong>avec suivi sur le web, assistance t\u00e9l\u00e9phonique, SMS, courriels, l&#8217;application mobile<\/strong> ou encore notre agent conversationnel. Nous personnalisons le service, le suivi et la tra\u00e7abilit\u00e9 pour tous les profils d&#8217;entreprise et tous les secteurs. Nous offrons de la proactivit\u00e9 dans la gestion de votre livraison et maintenons <strong>un contact permanent et transparent.<\/strong><\/p>\n<p>[\/vc_column_text][vc_empty_space height=&#8221;35px&#8221;][vc_column_text el_class=&#8221;border-left&#8221; css=&#8221;.vc_custom_1674128852716{padding-left: 15px !important;}&#8221;]<\/p>\n<p class=\"txt-subtitle\" style=\"font-weight: 900; color: grey;\"><em>La qualit\u00e9 de notre travail est prouv\u00e9e par les certifications ISO 9001, 14001 et 45001; le label qualit\u00e9 Madrid Excelente\u00a0; la certification Ecovadis et le label qualit\u00e9 E d\u2019excellence en logistique et transport.<\/em><\/p>\n<p>[\/vc_column_text][\/vc_column_inner][\/vc_row_inner][vc_empty_space height=&#8221;64px&#8221; el_class=&#8221;no-espa-lo&#8221;][\/vc_column][\/vc_row][vc_row css_animation=&#8221;&#8221; row_type=&#8221;row&#8221; use_row_as_full_screen_section=&#8221;no&#8221; type=&#8221;full_width&#8221; angled_section=&#8221;no&#8221; text_align=&#8221;left&#8221; background_image_as_pattern=&#8221;without_pattern&#8221; z_index=&#8221;&#8221; css=&#8221;.vc_custom_1585727814670{margin-right: 9% !important;margin-left: 9% !important;}&#8221;][vc_column][vc_empty_space height=&#8221;64px&#8221; el_class=&#8221;ocultar-linea&#8221;][vc_single_image image=&#8221;576&#8243; img_size=&#8221;full&#8221; qode_css_animation=&#8221;&#8221; el_class=&#8221;flecha-send&#8221;][vc_column_text]<\/p>\n<h2 class=\"titulo-serviciossendi\">Nos Services de Transport<\/h2>\n<p>[\/vc_column_text][vc_empty_space height=&#8221;100px&#8221;][\/vc_column][\/vc_row][vc_row css_animation=&#8221;&#8221; row_type=&#8221;row&#8221; use_row_as_full_screen_section=&#8221;no&#8221; type=&#8221;full_width&#8221; angled_section=&#8221;no&#8221; text_align=&#8221;left&#8221; background_image_as_pattern=&#8221;without_pattern&#8221; css=&#8221;.vc_custom_1585727054351{margin-right: 9% !important;margin-left: 9% !important;background-color: #ffffff !important;}&#8221; z_index=&#8221;&#8221;][vc_column][vc_empty_space height=&#8221;64px&#8221;][vc_row_inner row_type=&#8221;row&#8221; type=&#8221;full_width&#8221; text_align=&#8221;left&#8221; css_animation=&#8221;&#8221;][vc_column_inner width=&#8221;1\/3&#8243;][vc_single_image image=&#8221;4889&#8243; img_size=&#8221;full&#8221; alignment=&#8221;center&#8221; qode_css_animation=&#8221;&#8221; qode_hover_animation=&#8221;zoom_in&#8221;][\/vc_column_inner][vc_column_inner width=&#8221;1\/3&#8243;][vc_single_image image=&#8221;3321&#8243; img_size=&#8221;full&#8221; alignment=&#8221;center&#8221; qode_css_animation=&#8221;&#8221; qode_hover_animation=&#8221;zoom_in&#8221;][\/vc_column_inner][vc_column_inner width=&#8221;1\/3&#8243;][vc_single_image image=&#8221;3328&#8243; img_size=&#8221;full&#8221; alignment=&#8221;center&#8221; qode_css_animation=&#8221;&#8221; qode_hover_animation=&#8221;zoom_in&#8221;][\/vc_column_inner][\/vc_row_inner][vc_empty_space el_class=&#8221;no-espa-lo&#8221;][vc_row_inner row_type=&#8221;row&#8221; type=&#8221;full_width&#8221; text_align=&#8221;left&#8221; css_animation=&#8221;&#8221;][vc_column_inner width=&#8221;1\/3&#8243;][vc_single_image image=&#8221;3335&#8243; img_size=&#8221;full&#8221; alignment=&#8221;center&#8221; qode_css_animation=&#8221;&#8221; qode_hover_animation=&#8221;zoom_in&#8221;][\/vc_column_inner][vc_column_inner width=&#8221;1\/3&#8243;][vc_single_image image=&#8221;3342&#8243; img_size=&#8221;full&#8221; alignment=&#8221;center&#8221; qode_css_animation=&#8221;&#8221; qode_hover_animation=&#8221;zoom_in&#8221;][\/vc_column_inner][vc_column_inner width=&#8221;1\/3&#8243;][vc_single_image image=&#8221;3349&#8243; img_size=&#8221;full&#8221; alignment=&#8221;center&#8221; qode_css_animation=&#8221;&#8221; qode_hover_animation=&#8221;zoom_in&#8221;][\/vc_column_inner][\/vc_row_inner][vc_empty_space][\/vc_column][\/vc_row][vc_row css_animation=&#8221;&#8221; row_type=&#8221;row&#8221; use_row_as_full_screen_section=&#8221;no&#8221; type=&#8221;full_width&#8221; angled_section=&#8221;no&#8221; text_align=&#8221;left&#8221; background_image_as_pattern=&#8221;without_pattern&#8221;][vc_column][vc_empty_space height=&#8221;120px&#8221; el_class=&#8221;altu-logi&#8221;][\/vc_column][\/vc_row][vc_row css_animation=&#8221;&#8221; row_type=&#8221;row&#8221; use_row_as_full_screen_section=&#8221;no&#8221; type=&#8221;full_width&#8221; angled_section=&#8221;no&#8221; text_align=&#8221;left&#8221; background_image_as_pattern=&#8221;without_pattern&#8221; css=&#8221;.vc_custom_1581526526309{background-image: url(https:\/\/www.sending.es\/wp-content\/uploads\/2020\/01\/bg04.png?id=944) !important;}&#8221; z_index=&#8221;&#8221;][vc_column][vc_row_inner row_type=&#8221;row&#8221; type=&#8221;grid&#8221; text_align=&#8221;left&#8221; css_animation=&#8221;&#8221; el_class=&#8221;modificar&#8221;][vc_column_inner width=&#8221;3\/4&#8243; css=&#8221;.vc_custom_1581582915567{padding-right: 15% !important;}&#8221;][vc_column_text]<\/p>\n<p id=\"logistique\" class=\"sector-titulo-3\">Logistique<\/p>\n<p>[\/vc_column_text][vc_empty_space height=&#8221;35px&#8221; el_class=&#8221;ocultar-linea&#8221;][vc_column_text]<\/p>\n<p class=\"txt-subtitle\">Dans le domaine logistique, nous incluons <strong>le stockage, l&#8217;emballage, la pr\u00e9paration de commandes et le transport<\/strong> de nos envois dans un seul syst\u00e8me de gestion. Tout cela, avec un seul interlocuteur et une seule interface pour apporter tra\u00e7abilit\u00e9, contr\u00f4le et dynamisme \u00e0 ce maillon de la cha\u00eene. Nous disposons de drones pour contr\u00f4ler les stocks ; de v\u00e9hicules <strong>autoguid\u00e9s d&#8217;intralogistique<\/strong> ; de chambres de refroidissement ; de syst\u00e8mes de tri automatique et d&#8217;enl\u00e8vement pour r\u00e9pondre aux besoins des secteurs dans lesquels nous sommes leader comme celui de <strong>l&#8217;optique, la mode, la pharmacie, l&#8217;orthop\u00e9die, l&#8217;informatique, le d\u00e9tail, l&#8217;automobile ou les chaussures.<\/strong><\/p>\n<p>[\/vc_column_text][vc_empty_space height=&#8221;35px&#8221;][vc_column_text el_class=&#8221;border-left&#8221; css=&#8221;.vc_custom_1589203545477{padding-left: 15px !important;}&#8221;]<\/p>\n<p class=\"txt-subtitle\" style=\"font-weight: 900; color: grey;\"><em>Ce, sans oublier le secteur de la logistique inverse comme service \u00e0 valeur ajout\u00e9e.<\/em><\/p>\n<p>[\/vc_column_text][\/vc_column_inner][vc_column_inner width=&#8221;1\/4&#8243;][vc_single_image image=&#8221;5075&#8243; img_size=&#8221;full&#8221; qode_css_animation=&#8221;&#8221; el_class=&#8221;k-mob&#8221;][\/vc_column_inner][\/vc_row_inner][vc_empty_space height=&#8221;64px&#8221; el_class=&#8221;menos-logi ocultar-linea&#8221;][\/vc_column][\/vc_row][vc_row css_animation=&#8221;&#8221; row_type=&#8221;row&#8221; use_row_as_full_screen_section=&#8221;no&#8221; type=&#8221;full_width&#8221; angled_section=&#8221;no&#8221; text_align=&#8221;left&#8221; background_image_as_pattern=&#8221;without_pattern&#8221; z_index=&#8221;&#8221; css=&#8221;.vc_custom_1585727077700{margin-right: 9% !important;margin-left: 9% !important;}&#8221;][vc_column][vc_empty_space height=&#8221;64px&#8221; el_class=&#8221;ocultar-linea&#8221;][vc_single_image image=&#8221;576&#8243; img_size=&#8221;full&#8221; qode_css_animation=&#8221;&#8221; el_class=&#8221;flecha-sendlogi&#8221;][vc_column_text]<\/p>\n<h2 class=\"titulo-serviciossendilogi\">Principaux Services de Logistique<\/h2>\n<p>[\/vc_column_text][vc_empty_space height=&#8221;100px&#8221; el_class=&#8221;espacio-menor&#8221;][vc_row_inner row_type=&#8221;row&#8221; type=&#8221;full_width&#8221; text_align=&#8221;left&#8221; css_animation=&#8221;&#8221;][vc_column_inner][vc_empty_space height=&#8221;120px&#8221; el_class=&#8221;re-logiespa&#8221;][\/vc_column_inner][\/vc_row_inner][vc_row_inner row_type=&#8221;row&#8221; type=&#8221;full_width&#8221; text_align=&#8221;left&#8221; css_animation=&#8221;&#8221;][vc_column_inner width=&#8221;1\/3&#8243;][vc_single_image image=&#8221;3356&#8243; img_size=&#8221;full&#8221; alignment=&#8221;center&#8221; qode_css_animation=&#8221;&#8221; qode_hover_animation=&#8221;zoom_in&#8221;][\/vc_column_inner][vc_column_inner width=&#8221;1\/3&#8243;][vc_single_image image=&#8221;3363&#8243; img_size=&#8221;full&#8221; alignment=&#8221;center&#8221; qode_css_animation=&#8221;&#8221; qode_hover_animation=&#8221;zoom_in&#8221;][\/vc_column_inner][vc_column_inner width=&#8221;1\/3&#8243;][vc_single_image image=&#8221;3370&#8243; img_size=&#8221;full&#8221; alignment=&#8221;center&#8221; qode_css_animation=&#8221;&#8221; qode_hover_animation=&#8221;zoom_in&#8221;][\/vc_column_inner][\/vc_row_inner][vc_row_inner row_type=&#8221;row&#8221; type=&#8221;full_width&#8221; text_align=&#8221;left&#8221; css_animation=&#8221;&#8221;][vc_column_inner][vc_empty_space height=&#8221;30px&#8221; el_class=&#8221;no-espa-lo&#8221;][\/vc_column_inner][\/vc_row_inner][vc_row_inner row_type=&#8221;row&#8221; type=&#8221;full_width&#8221; text_align=&#8221;left&#8221; css_animation=&#8221;&#8221;][vc_column_inner width=&#8221;1\/3&#8243;][vc_single_image image=&#8221;3377&#8243; img_size=&#8221;full&#8221; alignment=&#8221;center&#8221; qode_css_animation=&#8221;&#8221; qode_hover_animation=&#8221;zoom_in&#8221;][\/vc_column_inner][vc_column_inner width=&#8221;1\/3&#8243;][vc_single_image image=&#8221;3384&#8243; img_size=&#8221;full&#8221; alignment=&#8221;center&#8221; qode_css_animation=&#8221;&#8221; qode_hover_animation=&#8221;zoom_in&#8221;][\/vc_column_inner][vc_column_inner width=&#8221;1\/3&#8243;][vc_single_image image=&#8221;3391&#8243; img_size=&#8221;full&#8221; alignment=&#8221;center&#8221; qode_css_animation=&#8221;&#8221; qode_hover_animation=&#8221;zoom_in&#8221;][\/vc_column_inner][\/vc_row_inner][\/vc_column][\/vc_row][vc_row css_animation=&#8221;&#8221; row_type=&#8221;row&#8221; use_row_as_full_screen_section=&#8221;no&#8221; type=&#8221;full_width&#8221; angled_section=&#8221;no&#8221; text_align=&#8221;left&#8221; background_image_as_pattern=&#8221;without_pattern&#8221;][vc_column][vc_empty_space height=&#8221;120px&#8221; el_class=&#8221;ecom-espacio&#8221;][vc_empty_space height=&#8221;100px&#8221; el_class=&#8221;no-espa-lo&#8221;][\/vc_column][\/vc_row][vc_row css_animation=&#8221;&#8221; row_type=&#8221;row&#8221; use_row_as_full_screen_section=&#8221;no&#8221; type=&#8221;full_width&#8221; angled_section=&#8221;no&#8221; text_align=&#8221;left&#8221; background_image_as_pattern=&#8221;without_pattern&#8221; css=&#8221;.vc_custom_1581526016370{background-image: url(https:\/\/www.sending.es\/wp-content\/uploads\/2020\/01\/bg03.png?id=937) !important;}&#8221; z_index=&#8221;&#8221;][vc_column][vc_row_inner row_type=&#8221;row&#8221; type=&#8221;grid&#8221; text_align=&#8221;left&#8221; css_animation=&#8221;&#8221; el_class=&#8221;modificar&#8221;][vc_column_inner width=&#8221;1\/4&#8243;][vc_single_image image=&#8221;3312&#8243; img_size=&#8221;full&#8221; qode_css_animation=&#8221;&#8221; el_class=&#8221;k-mob&#8221;][\/vc_column_inner][vc_column_inner width=&#8221;3\/4&#8243; css=&#8221;.vc_custom_1581582878638{padding-left: 15% !important;}&#8221;][vc_column_text]<\/p>\n<p id=\"ecommerce-services\" class=\"sector-titulo-3\">Commerce \u00e9lectronique<\/p>\n<p>[\/vc_column_text][vc_empty_space height=&#8221;35px&#8221; el_class=&#8221;ocultar-linea&#8221;][vc_column_text]<\/p>\n<p class=\"txt-subtitle\">Nous parions sur une <strong>solution tr\u00e8s dynamique<\/strong> qui interagit avec le destinataire <strong>avant<\/strong> et <strong>pendant<\/strong> la livraison de l&#8217;envoi. De cette mani\u00e8re, nous maximisons les taux de livraison pour ces services ainsi que la gestion de la <strong>logistique inverse<\/strong>. Les destinataires de nos clients peuvent g\u00e9rer eux-m\u00eames les d\u00e9lais de livraison en s\u00e9lectionnant les plages horaires pendant lesquelles ils souhaitent recevoir leurs envois. De plus, nous disposons d&#8217;un syst\u00e8me d&#8217;alerte <strong>(par SMS)<\/strong> pour le destinataire final le pr\u00e9venant de la livraison une heure \u00e0 l&#8217;avance.<\/p>\n<p>[\/vc_column_text][vc_empty_space height=&#8221;35px&#8221;][vc_column_text el_class=&#8221;border-left&#8221; css=&#8221;.vc_custom_1589203827007{padding-left: 15px !important;}&#8221;]<\/p>\n<p class=\"txt-subtitle\" style=\"font-weight: 900; color: grey;\"><em>Sending a \u00e9t\u00e9 s\u00e9lectionn\u00e9 par la Chambre de Commerce comme meilleure solution en commerce \u00e9lectronique.<\/em><\/p>\n<p>[\/vc_column_text][\/vc_column_inner][\/vc_row_inner][vc_empty_space height=&#8221;64px&#8221; el_class=&#8221;ocultar-linea&#8221;][\/vc_column][\/vc_row][vc_row css_animation=&#8221;&#8221; row_type=&#8221;row&#8221; use_row_as_full_screen_section=&#8221;no&#8221; type=&#8221;full_width&#8221; angled_section=&#8221;no&#8221; text_align=&#8221;left&#8221; background_image_as_pattern=&#8221;without_pattern&#8221; z_index=&#8221;&#8221; css=&#8221;.vc_custom_1585727138059{margin-right: 9% !important;margin-left: 9% !important;}&#8221;][vc_column][vc_empty_space height=&#8221;64px&#8221;][vc_single_image image=&#8221;576&#8243; img_size=&#8221;full&#8221; qode_css_animation=&#8221;&#8221; el_class=&#8221;flecha-sendlogi ecomn&#8221;][vc_column_text]<\/p>\n<h2 class=\"titulo-serviciossendilogi\">Services principaux commerce \u00e9lectronique<\/h2>\n<p>[\/vc_column_text][vc_empty_space height=&#8221;100px&#8221;][vc_row_inner row_type=&#8221;row&#8221; type=&#8221;full_width&#8221; text_align=&#8221;left&#8221; css_animation=&#8221;&#8221;][vc_column_inner][vc_empty_space height=&#8221;120px&#8221;][\/vc_column_inner][\/vc_row_inner][vc_row_inner row_type=&#8221;row&#8221; type=&#8221;full_width&#8221; text_align=&#8221;center&#8221; css_animation=&#8221;&#8221;][vc_column_inner width=&#8221;1\/4&#8243;][vc_single_image image=&#8221;3398&#8243; img_size=&#8221;full&#8221; alignment=&#8221;center&#8221; qode_css_animation=&#8221;&#8221; qode_hover_animation=&#8221;zoom_in&#8221;][\/vc_column_inner][vc_column_inner width=&#8221;1\/4&#8243;][vc_single_image image=&#8221;3405&#8243; img_size=&#8221;full&#8221; alignment=&#8221;center&#8221; qode_css_animation=&#8221;&#8221; qode_hover_animation=&#8221;zoom_in&#8221;][\/vc_column_inner][vc_column_inner width=&#8221;1\/4&#8243;][vc_single_image image=&#8221;3412&#8243; img_size=&#8221;full&#8221; alignment=&#8221;center&#8221; qode_css_animation=&#8221;&#8221; qode_hover_animation=&#8221;zoom_in&#8221;][\/vc_column_inner][vc_column_inner width=&#8221;1\/4&#8243;][vc_single_image image=&#8221;3419&#8243; img_size=&#8221;full&#8221; alignment=&#8221;center&#8221; qode_css_animation=&#8221;&#8221; qode_hover_animation=&#8221;zoom_in&#8221;][\/vc_column_inner][\/vc_row_inner][vc_empty_space height=&#8221;30px&#8221; el_class=&#8221;no-espa-lo&#8221;][vc_row_inner row_type=&#8221;row&#8221; type=&#8221;full_width&#8221; text_align=&#8221;center&#8221; css_animation=&#8221;&#8221;][vc_column_inner width=&#8221;1\/4&#8243;][vc_single_image image=&#8221;3426&#8243; img_size=&#8221;full&#8221; alignment=&#8221;center&#8221; qode_css_animation=&#8221;&#8221; qode_hover_animation=&#8221;zoom_in&#8221;][\/vc_column_inner][vc_column_inner width=&#8221;1\/4&#8243;][vc_single_image image=&#8221;3433&#8243; img_size=&#8221;full&#8221; alignment=&#8221;center&#8221; qode_css_animation=&#8221;&#8221; qode_hover_animation=&#8221;zoom_in&#8221;][\/vc_column_inner][vc_column_inner width=&#8221;1\/4&#8243;][vc_single_image image=&#8221;3440&#8243; img_size=&#8221;full&#8221; alignment=&#8221;center&#8221; qode_css_animation=&#8221;&#8221; qode_hover_animation=&#8221;zoom_in&#8221;][\/vc_column_inner][vc_column_inner width=&#8221;1\/4&#8243;][vc_single_image image=&#8221;3447&#8243; img_size=&#8221;full&#8221; alignment=&#8221;center&#8221; qode_css_animation=&#8221;&#8221; qode_hover_animation=&#8221;zoom_in&#8221;][\/vc_column_inner][\/vc_row_inner][vc_empty_space height=&#8221;30px&#8221; el_class=&#8221;no-espa-lo&#8221;][vc_row_inner row_type=&#8221;row&#8221; type=&#8221;full_width&#8221; text_align=&#8221;center&#8221; css_animation=&#8221;&#8221;][vc_column_inner width=&#8221;1\/4&#8243;][vc_single_image image=&#8221;3454&#8243; img_size=&#8221;full&#8221; alignment=&#8221;center&#8221; qode_css_animation=&#8221;&#8221; qode_hover_animation=&#8221;zoom_in&#8221;][\/vc_column_inner][vc_column_inner width=&#8221;1\/4&#8243;][vc_single_image image=&#8221;3461&#8243; img_size=&#8221;full&#8221; alignment=&#8221;center&#8221; qode_css_animation=&#8221;&#8221; qode_hover_animation=&#8221;zoom_in&#8221;][\/vc_column_inner][vc_column_inner width=&#8221;1\/4&#8243;][vc_single_image image=&#8221;3468&#8243; img_size=&#8221;full&#8221; alignment=&#8221;center&#8221; qode_css_animation=&#8221;&#8221; qode_hover_animation=&#8221;zoom_in&#8221;][\/vc_column_inner][vc_column_inner width=&#8221;1\/4&#8243;][vc_single_image image=&#8221;3475&#8243; img_size=&#8221;full&#8221; alignment=&#8221;center&#8221; qode_css_animation=&#8221;&#8221; qode_hover_animation=&#8221;zoom_in&#8221;][\/vc_column_inner][\/vc_row_inner][\/vc_column][\/vc_row][vc_row css_animation=&#8221;&#8221; row_type=&#8221;row&#8221; use_row_as_full_screen_section=&#8221;no&#8221; type=&#8221;full_width&#8221; angled_section=&#8221;no&#8221; text_align=&#8221;left&#8221; background_image_as_pattern=&#8221;without_pattern&#8221;][vc_column][vc_empty_space height=&#8221;120px&#8221; el_class=&#8221;no-espa-lo&#8221;][\/vc_column][\/vc_row]<\/p>\n<\/div>","protected":false},"excerpt":{"rendered":"<p>[vc_row css_animation=&#8221;&#8221; row_type=&#8221;row&#8221; use_row_as_full_screen_section=&#8221;no&#8221; type=&#8221;full_width&#8221; angled_section=&#8221;no&#8221; text_align=&#8221;left&#8221; background_image_as_pattern=&#8221;without_pattern&#8221;][vc_column][vc_empty_space height=&#8221;100px&#8221; el_class=&#8221;red-uno&#8221;][vc_row_inner row_type=&#8221;row&#8221; type=&#8221;grid&#8221; text_align=&#8221;left&#8221; css_animation=&#8221;&#8221;][vc_column_inner width=&#8221;2\/3&#8243;][vc_column_text] Services fournis [\/vc_column_text][vc_column_text] Solutions globales [\/vc_column_text][vc_empty_space height=&#8221;60px&#8221; el_class=&#8221;qser-espa&#8221;][\/vc_column_inner][vc_column_inner width=&#8221;1\/3&#8243;][\/vc_column_inner][\/vc_row_inner][vc_row_inner row_type=&#8221;row&#8221; type=&#8221;grid&#8221; text_align=&#8221;left&#8221; css_animation=&#8221;&#8221;][vc_column_inner][vc_column_text el_class=&#8221;border-left&#8221; css=&#8221;.vc_custom_1674128833171{padding-left: 15px !important;}&#8221;] Sending est votre entreprise de transport urgent et logistique. Gr\u00e2ce \u00e0 notre flotte&#8230;<\/p>\n","protected":false},"author":3,"featured_media":0,"parent":0,"menu_order":0,"comment_status":"closed","ping_status":"closed","template":"full_width.php","meta":{"footnotes":""},"_links":{"self":[{"href":"https:\/\/www.sending.es\/fr\/wp-json\/wp\/v2\/pages\/3311"}],"collection":[{"href":"https:\/\/www.sending.es\/fr\/wp-json\/wp\/v2\/pages"}],"about":[{"href":"https:\/\/www.sending.es\/fr\/wp-json\/wp\/v2\/types\/page"}],"author":[{"embeddable":true,"href":"https:\/\/www.sending.es\/fr\/wp-json\/wp\/v2\/users\/3"}],"replies":[{"embeddable":true,"href":"https:\/\/www.sending.es\/fr\/wp-json\/wp\/v2\/comments?post=3311"}],"version-history":[{"count":1,"href":"https:\/\/www.sending.es\/fr\/wp-json\/wp\/v2\/pages\/3311\/revisions"}],"predecessor-version":[{"id":12263,"href":"https:\/\/www.sending.es\/fr\/wp-json\/wp\/v2\/pages\/3311\/revisions\/12263"}],"wp:attachment":[{"href":"https:\/\/www.sending.es\/fr\/wp-json\/wp\/v2\/media?parent=3311"}],"curies":[{"name":"wp","href":"https:\/\/api.w.org\/{rel}","templated":true}]}}