{"id":3627,"date":"2019-12-12T13:16:53","date_gmt":"2019-12-12T13:16:53","guid":{"rendered":"https:\/\/www.sending.es\/sectores\/"},"modified":"2020-05-21T10:13:20","modified_gmt":"2020-05-21T10:13:20","slug":"secteurs","status":"publish","type":"page","link":"https:\/\/www.sending.es\/fr\/secteurs\/","title":{"rendered":"COMMUNIQUEZ-NOUS VOS BESOINS"},"content":{"rendered":"<div class=\"wpb-content-wrapper\"><p>[vc_row css_animation=&#8221;&#8221; row_type=&#8221;row&#8221; use_row_as_full_screen_section=&#8221;no&#8221; type=&#8221;grid&#8221; angled_section=&#8221;no&#8221; text_align=&#8221;left&#8221; background_image_as_pattern=&#8221;without_pattern&#8221; z_index=&#8221;&#8221; css=&#8221;.vc_custom_1578478023337{background-image: url(https:\/\/www.sending.es\/wp-content\/uploads\/2020\/01\/bg-sending-log02.png?id=983) !important;}&#8221;][vc_column][vc_empty_space height=&#8221;100px&#8221; el_class=&#8221;red-uno&#8221;][vc_row_inner row_type=&#8221;row&#8221; type=&#8221;full_width&#8221; text_align=&#8221;left&#8221; css_animation=&#8221;&#8221;][vc_column_inner width=&#8221;2\/3&#8243;][vc_column_text]<\/p>\n<p class=\"grande\">Secteurs pr\u00e9sents<\/p>\n<p>[\/vc_column_text][vc_column_text]<\/p>\n<p class=\"subt-ws solu\">Solutions globales<\/p>\n<p>[\/vc_column_text][\/vc_column_inner][vc_column_inner width=&#8221;1\/3&#8243;][\/vc_column_inner][\/vc_row_inner][vc_empty_space height=&#8221;60px&#8221; el_class=&#8221;espa-sect&#8221;][vc_column_text el_class=&#8221;border-left&#8221;]<\/p>\n<p class=\"txt-entrada\">Nous sommes experts en optimisation de l&#8217;exp\u00e9rience client \u00e0 travers un service sur mesure et la personnalisation des outils de <strong>suivi et de tra\u00e7abilit\u00e9<\/strong> que nous mettons \u00e0 votre disposition. Avec les notifications en temps r\u00e9el \u00e0 travers les applications mobiles et une \u00e9quipe multidisciplinaire et polyglotte,<strong> la sp\u00e9cialisation est devenue notre outil principal<\/strong> sur le march\u00e9 pour permettre \u00e0 nos clients de gagner en comp\u00e9titivit\u00e9. Nous sommes leader dans les secteurs de l&#8217;optique, la mode et les chaussures, le commerce \u00e9lectronique, l&#8217;informatique, l&#8217;automobile, le canal HoReCa, la pharmacie et l&#8217;orthop\u00e9die, entre autres.<\/p>\n<p>[\/vc_column_text][vc_empty_space height=&#8221;120px&#8221; el_class=&#8221;espa-sect&#8221;][\/vc_column][\/vc_row][vc_row css_animation=&#8221;&#8221; row_type=&#8221;row&#8221; use_row_as_full_screen_section=&#8221;no&#8221; type=&#8221;full_width&#8221; angled_section=&#8221;no&#8221; text_align=&#8221;left&#8221; background_image_as_pattern=&#8221;without_pattern&#8221; css=&#8221;.vc_custom_1578049422183{background-image: url(https:\/\/www.sending.es\/wp-content\/uploads\/2020\/01\/bg03.png?id=937) !important;}&#8221; z_index=&#8221;&#8221;][vc_column][vc_row_inner row_type=&#8221;row&#8221; type=&#8221;grid&#8221; text_align=&#8221;left&#8221; css_animation=&#8221;&#8221;][vc_column_inner width=&#8221;1\/4&#8243;][vc_single_image image=&#8221;1262&#8243; img_size=&#8221;full&#8221; qode_css_animation=&#8221;&#8221;][\/vc_column_inner][vc_column_inner width=&#8221;3\/4&#8243; css=&#8221;.vc_custom_1578386050615{padding-left: 15% !important;}&#8221;][vc_column_text]<\/p>\n<p id=\"optique\" class=\"sector-titulo\">Dentaire et<\/p>\n<p>[\/vc_column_text][vc_column_text]<\/p>\n<p class=\"sector-titulo-2\">optique<\/p>\n<p>[\/vc_column_text][vc_empty_space height=&#8221;35px&#8221; el_class=&#8221;espa-sect3&#8243;][vc_column_text]<\/p>\n<p class=\"txt-subtitle\">Avec une importante part de march\u00e9, nous disposons d&#8217;une <strong>solution globale<\/strong> pour le secteur optique et dentaire. \u00c0 travers une application simple, nous pouvons regrouper les exp\u00e9ditions pour le m\u00eame destinataire en plus de g\u00e9rer toute la logistique inverse de tout le r\u00e9seau des boutiques d&#8217;optique.<\/p>\n<p>[\/vc_column_text][vc_empty_space height=&#8221;35px&#8221;][vc_column_text el_class=&#8221;border-left&#8221; css=&#8221;.vc_custom_1589205140231{padding-left: 15px !important;}&#8221;]<\/p>\n<p class=\"txt-subtitle\" style=\"color: grey; font-weight: 900;\"><em>Application personnalis\u00e9e pour le suivi des envois quotidiens vers des boutiques d&#8217;optique et des cliniques dentaires.<\/em><\/p>\n<p>[\/vc_column_text][\/vc_column_inner][\/vc_row_inner][\/vc_column][\/vc_row][vc_row css_animation=&#8221;&#8221; row_type=&#8221;row&#8221; use_row_as_full_screen_section=&#8221;no&#8221; type=&#8221;full_width&#8221; angled_section=&#8221;no&#8221; text_align=&#8221;left&#8221; background_image_as_pattern=&#8221;without_pattern&#8221;][vc_column][vc_empty_space height=&#8221;180px&#8221; el_class=&#8221;espa-sect2&#8243;][\/vc_column][\/vc_row][vc_row css_animation=&#8221;&#8221; row_type=&#8221;row&#8221; use_row_as_full_screen_section=&#8221;no&#8221; type=&#8221;full_width&#8221; angled_section=&#8221;no&#8221; text_align=&#8221;left&#8221; background_image_as_pattern=&#8221;without_pattern&#8221; css=&#8221;.vc_custom_1585905227649{background-image: url(https:\/\/www.sending.es\/wp-content\/uploads\/2020\/01\/bg04.png?id=944) !important;}&#8221; z_index=&#8221;&#8221; el_class=&#8221;no-peq&#8221;][vc_column][vc_row_inner row_type=&#8221;row&#8221; type=&#8221;grid&#8221; text_align=&#8221;left&#8221; css_animation=&#8221;&#8221;][vc_column_inner width=&#8221;3\/4&#8243; css=&#8221;.vc_custom_1578386058288{padding-right: 15% !important;}&#8221;][vc_column_text]<\/p>\n<p id=\"pharmacie\" class=\"sector-titulo\">Orthop\u00e9die et<\/p>\n<p>[\/vc_column_text][vc_column_text]<\/p>\n<p class=\"sector-titulo-2\">pharmacie<\/p>\n<p>[\/vc_column_text][vc_empty_space height=&#8221;35px&#8221; el_class=&#8221;espa-sect3&#8243;][vc_column_text]<\/p>\n<p class=\"txt-subtitle\">Livraisons urgentes garanties avec <strong>surveillance et contr\u00f4le de temp\u00e9rature<\/strong> pour les produits qui l&#8217;exigent, suivi individualis\u00e9 et tra\u00e7abilit\u00e9 en temps r\u00e9el des op\u00e9rations.<\/p>\n<p>[\/vc_column_text][vc_empty_space height=&#8221;35px&#8221;][vc_column_text el_class=&#8221;border-left&#8221; css=&#8221;.vc_custom_1589205149392{padding-left: 15px !important;}&#8221;]<\/p>\n<p class=\"txt-subtitle\" style=\"color: grey; font-weight: 900;\"><em>Nous travaillons avec les principaux fabricants et distributeurs orthop\u00e9diques et pharmaceutiques d&#8217;Espagne.<\/em><\/p>\n<p>[\/vc_column_text][\/vc_column_inner][vc_column_inner width=&#8221;1\/4&#8243;][vc_single_image image=&#8221;1261&#8243; img_size=&#8221;full&#8221; qode_css_animation=&#8221;&#8221;][\/vc_column_inner][\/vc_row_inner][\/vc_column][\/vc_row][vc_row css_animation=&#8221;&#8221; row_type=&#8221;row&#8221; use_row_as_full_screen_section=&#8221;no&#8221; type=&#8221;full_width&#8221; angled_section=&#8221;no&#8221; text_align=&#8221;left&#8221; background_image_as_pattern=&#8221;without_pattern&#8221; css=&#8221;.vc_custom_1585905132996{background-image: url(https:\/\/www.sending.es\/wp-content\/uploads\/2020\/01\/bg04.png?id=944) !important;}&#8221; z_index=&#8221;&#8221; el_class=&#8221;en-peq&#8221;][vc_column][vc_row_inner row_type=&#8221;row&#8221; type=&#8221;grid&#8221; text_align=&#8221;left&#8221; css_animation=&#8221;&#8221;][vc_column_inner width=&#8221;1\/4&#8243;][vc_single_image image=&#8221;1261&#8243; img_size=&#8221;full&#8221; qode_css_animation=&#8221;&#8221;][\/vc_column_inner][vc_column_inner width=&#8221;3\/4&#8243; css=&#8221;.vc_custom_1578386058288{padding-right: 15% !important;}&#8221;][vc_column_text]<\/p>\n<p id=\"pharmacie\" class=\"sector-titulo\">Orthop\u00e9die et<\/p>\n<p>[\/vc_column_text][vc_column_text]<\/p>\n<p class=\"sector-titulo-2\">pharmacie<\/p>\n<p>[\/vc_column_text][vc_empty_space height=&#8221;35px&#8221; el_class=&#8221;espa-sect3&#8243;][vc_column_text]<\/p>\n<p class=\"txt-subtitle\">Livraisons urgentes garanties avec <strong>surveillance et contr\u00f4le de temp\u00e9rature<\/strong> pour les produits qui l&#8217;exigent, suivi individualis\u00e9 et tra\u00e7abilit\u00e9 en temps r\u00e9el des op\u00e9rations.<\/p>\n<p>[\/vc_column_text][vc_empty_space height=&#8221;35px&#8221;][vc_column_text el_class=&#8221;border-left&#8221; css=&#8221;.vc_custom_1589205163128{padding-left: 15px !important;}&#8221;]<\/p>\n<p class=\"txt-subtitle\" style=\"color: grey; font-weight: 900;\"><em>Nous travaillons avec les principaux fabricants et distributeurs orthop\u00e9diques et pharmaceutiques d&#8217;Espagne.<\/em><\/p>\n<p>[\/vc_column_text][\/vc_column_inner][\/vc_row_inner][\/vc_column][\/vc_row][vc_row css_animation=&#8221;&#8221; row_type=&#8221;row&#8221; use_row_as_full_screen_section=&#8221;no&#8221; type=&#8221;full_width&#8221; angled_section=&#8221;no&#8221; text_align=&#8221;left&#8221; background_image_as_pattern=&#8221;without_pattern&#8221;][vc_column][vc_empty_space height=&#8221;180px&#8221; el_class=&#8221;espa-sect2&#8243;][\/vc_column][\/vc_row][vc_row css_animation=&#8221;&#8221; row_type=&#8221;row&#8221; use_row_as_full_screen_section=&#8221;no&#8221; type=&#8221;full_width&#8221; angled_section=&#8221;no&#8221; text_align=&#8221;left&#8221; background_image_as_pattern=&#8221;without_pattern&#8221; css=&#8221;.vc_custom_1578049422183{background-image: url(https:\/\/www.sending.es\/wp-content\/uploads\/2020\/01\/bg03.png?id=937) !important;}&#8221; z_index=&#8221;&#8221;][vc_column][vc_row_inner row_type=&#8221;row&#8221; type=&#8221;grid&#8221; text_align=&#8221;left&#8221; css_animation=&#8221;&#8221;][vc_column_inner width=&#8221;1\/4&#8243;][vc_single_image image=&#8221;963&#8243; img_size=&#8221;full&#8221; alignment=&#8221;center&#8221; qode_css_animation=&#8221;&#8221;][\/vc_column_inner][vc_column_inner width=&#8221;3\/4&#8243; css=&#8221;.vc_custom_1578386050615{padding-left: 15% !important;}&#8221;][vc_column_text]<\/p>\n<p id=\"ecommerce\" class=\"sector-titulo\">B2C<\/p>\n<p>[\/vc_column_text][vc_column_text]<\/p>\n<p class=\"sector-titulo-2\">Commerce \u00e9lectronique<\/p>\n<p>[\/vc_column_text][vc_empty_space height=&#8221;35px&#8221; el_class=&#8221;espa-sect3&#8243;][vc_column_text]<\/p>\n<p class=\"txt-subtitle\">Nous travaillons de mani\u00e8re simple et rapide en \u00e9troite collaboration avec les plate-formes leaders en commerce \u00e9lectronique comme <strong>PrestaShop, Woo Commerce, Shopify ou encore Magento&#8230;<\/strong> Nous misons sur une solution tr\u00e8s dynamique qui interagit avec le destinataire avant et pendant la livraison de l&#8217;envoi. De cette mani\u00e8re, nous maximisons les taux de livraison pour ces services ainsi que la gestion de la logistique de livraison. Les destinataires de nos clients peuvent g\u00e9rer eux-m\u00eames les d\u00e9lais de livraison en s\u00e9lectionnant les plages horaires pendant lesquelles ils souhaitent recevoir leurs envois.<\/p>\n<p>[\/vc_column_text][vc_empty_space height=&#8221;35px&#8221;][vc_column_text el_class=&#8221;border-left&#8221; css=&#8221;.vc_custom_1589205175428{padding-left: 15px !important;}&#8221;]<\/p>\n<p class=\"txt-subtitle\" style=\"color: grey; font-weight: 900;\"><em>Sending a \u00e9t\u00e9 s\u00e9lectionn\u00e9 par la Chambre de Commerce comme meilleure solution en commerce \u00e9lectronique.<\/em><\/p>\n<p>[\/vc_column_text][\/vc_column_inner][\/vc_row_inner][\/vc_column][\/vc_row][vc_row css_animation=&#8221;&#8221; row_type=&#8221;row&#8221; use_row_as_full_screen_section=&#8221;no&#8221; type=&#8221;full_width&#8221; angled_section=&#8221;no&#8221; text_align=&#8221;left&#8221; background_image_as_pattern=&#8221;without_pattern&#8221;][vc_column][vc_empty_space height=&#8221;180px&#8221; el_class=&#8221;espa-sect2&#8243;][\/vc_column][\/vc_row][vc_row css_animation=&#8221;&#8221; row_type=&#8221;row&#8221; use_row_as_full_screen_section=&#8221;no&#8221; type=&#8221;full_width&#8221; angled_section=&#8221;no&#8221; text_align=&#8221;left&#8221; background_image_as_pattern=&#8221;without_pattern&#8221; css=&#8221;.vc_custom_1585905250587{background-image: url(https:\/\/www.sending.es\/wp-content\/uploads\/2020\/01\/bg04.png?id=944) !important;}&#8221; z_index=&#8221;&#8221; el_class=&#8221;no-peq&#8221;][vc_column][vc_row_inner row_type=&#8221;row&#8221; type=&#8221;grid&#8221; text_align=&#8221;left&#8221; css_animation=&#8221;&#8221;][vc_column_inner width=&#8221;3\/4&#8243; css=&#8221;.vc_custom_1578386058288{padding-right: 15% !important;}&#8221;][vc_column_text]<\/p>\n<p id=\"hopitaux\" class=\"sector-titulo\">Logistique<\/p>\n<p>[\/vc_column_text][vc_column_text]<\/p>\n<p class=\"sector-titulo-2\">hospitali\u00e8re<\/p>\n<p>[\/vc_column_text][vc_empty_space height=&#8221;35px&#8221; el_class=&#8221;espa-sect3&#8243;][vc_column_text]<\/p>\n<p class=\"txt-subtitle\">Solutions sp\u00e9cifiques pour les <strong>livraisons dans les grandes organisations du secteur hospitalier<\/strong> (entrep\u00f4ts, salles d&#8217;op\u00e9ration, etc.). Nous r\u00e9pondons aux besoins de sp\u00e9cialisation de ce domaine et de gestion des documents exig\u00e9s en optimisant les d\u00e9lais de livraison et en garantissant la satisfaction de notre client.<\/p>\n<p>[\/vc_column_text][vc_empty_space height=&#8221;35px&#8221;][vc_column_text el_class=&#8221;border-left&#8221; css=&#8221;.vc_custom_1589205184393{padding-left: 15px !important;}&#8221;]<\/p>\n<p class=\"txt-subtitle\" style=\"color: grey; font-weight: 900;\"><em>Sp\u00e9cialis\u00e9s en services con\u00e7us pour les exp\u00e9ditions complexes du secteur sanitaire.<\/em><\/p>\n<p>[\/vc_column_text][\/vc_column_inner][vc_column_inner width=&#8221;1\/4&#8243;][vc_single_image image=&#8221;1263&#8243; img_size=&#8221;full&#8221; qode_css_animation=&#8221;&#8221;][\/vc_column_inner][\/vc_row_inner][\/vc_column][\/vc_row][vc_row css_animation=&#8221;&#8221; row_type=&#8221;row&#8221; use_row_as_full_screen_section=&#8221;no&#8221; type=&#8221;full_width&#8221; angled_section=&#8221;no&#8221; text_align=&#8221;left&#8221; background_image_as_pattern=&#8221;without_pattern&#8221; css=&#8221;.vc_custom_1578056343643{background-image: url(https:\/\/www.sending.es\/wp-content\/uploads\/2020\/01\/bg04.png?id=944) !important;}&#8221; z_index=&#8221;&#8221;][vc_column][vc_row_inner row_type=&#8221;row&#8221; type=&#8221;grid&#8221; text_align=&#8221;left&#8221; css_animation=&#8221;&#8221; el_class=&#8221;en-peq&#8221;][vc_column_inner width=&#8221;1\/4&#8243;][vc_single_image image=&#8221;1263&#8243; img_size=&#8221;full&#8221; qode_css_animation=&#8221;&#8221;][\/vc_column_inner][vc_column_inner width=&#8221;3\/4&#8243; css=&#8221;.vc_custom_1578386058288{padding-right: 15% !important;}&#8221;][vc_column_text]<\/p>\n<p id=\"hopitaux\" class=\"sector-titulo\">Logistique<\/p>\n<p>[\/vc_column_text][vc_column_text]<\/p>\n<p class=\"sector-titulo-2\">hospitali\u00e8re<\/p>\n<p>[\/vc_column_text][vc_empty_space height=&#8221;35px&#8221; el_class=&#8221;espa-sect3&#8243;][vc_column_text]<\/p>\n<p class=\"txt-subtitle\">Solutions sp\u00e9cifiques pour les <strong>livraisons dans les grandes organisations du secteur hospitalier<\/strong> (entrep\u00f4ts, salles d&#8217;op\u00e9ration, etc.). Nous r\u00e9pondons aux besoins de sp\u00e9cialisation de ce domaine et de gestion des documents exig\u00e9s en optimisant les d\u00e9lais de livraison et en garantissant la satisfaction de notre client.<\/p>\n<p>[\/vc_column_text][vc_empty_space height=&#8221;35px&#8221;][vc_column_text el_class=&#8221;border-left&#8221; css=&#8221;.vc_custom_1589205192543{padding-left: 15px !important;}&#8221;]<\/p>\n<p class=\"txt-subtitle\" style=\"color: grey; font-weight: 900;\"><em>Sp\u00e9cialis\u00e9s en services con\u00e7us pour les exp\u00e9ditions complexes du secteur sanitaire.<\/em><\/p>\n<p>[\/vc_column_text][\/vc_column_inner][\/vc_row_inner][\/vc_column][\/vc_row][vc_row css_animation=&#8221;&#8221; row_type=&#8221;row&#8221; use_row_as_full_screen_section=&#8221;no&#8221; type=&#8221;full_width&#8221; angled_section=&#8221;no&#8221; text_align=&#8221;left&#8221; background_image_as_pattern=&#8221;without_pattern&#8221;][vc_column][vc_empty_space height=&#8221;180px&#8221; el_class=&#8221;espa-sect2&#8243;][\/vc_column][\/vc_row][vc_row css_animation=&#8221;&#8221; row_type=&#8221;row&#8221; use_row_as_full_screen_section=&#8221;no&#8221; type=&#8221;full_width&#8221; angled_section=&#8221;no&#8221; text_align=&#8221;left&#8221; background_image_as_pattern=&#8221;without_pattern&#8221; css=&#8221;.vc_custom_1578049422183{background-image: url(https:\/\/www.sending.es\/wp-content\/uploads\/2020\/01\/bg03.png?id=937) !important;}&#8221; z_index=&#8221;&#8221;][vc_column][vc_row_inner row_type=&#8221;row&#8221; type=&#8221;grid&#8221; text_align=&#8221;left&#8221; css_animation=&#8221;&#8221;][vc_column_inner width=&#8221;1\/4&#8243;][vc_single_image image=&#8221;1264&#8243; img_size=&#8221;full&#8221; alignment=&#8221;center&#8221; qode_css_animation=&#8221;&#8221;][\/vc_column_inner][vc_column_inner width=&#8221;3\/4&#8243; css=&#8221;.vc_custom_1578386050615{padding-left: 15% !important;}&#8221;][vc_column_text]<\/p>\n<p id=\"informatique\" class=\"sector-titulo\">Appareils \u00e9lectroniques<\/p>\n<p>[\/vc_column_text][vc_column_text]<\/p>\n<p class=\"sector-titulo-2\">grand public<\/p>\n<p>[\/vc_column_text][vc_empty_space height=&#8221;35px&#8221; el_class=&#8221;espa-sect3&#8243;][vc_column_text]<\/p>\n<p class=\"txt-subtitle\">Services \u00e0 valeur ajout\u00e9e pour les produits \u00e9lectroniques grand public. Nous transportons la <strong>marchandise<\/strong> en suivant des proc\u00e9dures de s\u00e9curit\u00e9 pr\u00e9ventive pour garantir sa livraison.<\/p>\n<p>[\/vc_column_text][vc_empty_space height=&#8221;35px&#8221;][vc_column_text el_class=&#8221;border-left&#8221; css=&#8221;.vc_custom_1589205200101{padding-left: 15px !important;}&#8221;]<\/p>\n<p class=\"txt-subtitle\" style=\"color: grey; font-weight: 900;\"><em>Solutions dynamiques pour les collectes et les livraisons en cas de services de r\u00e9parations.<\/em><\/p>\n<p>[\/vc_column_text][\/vc_column_inner][\/vc_row_inner][\/vc_column][\/vc_row][vc_row css_animation=&#8221;&#8221; row_type=&#8221;row&#8221; use_row_as_full_screen_section=&#8221;no&#8221; type=&#8221;full_width&#8221; angled_section=&#8221;no&#8221; text_align=&#8221;left&#8221; background_image_as_pattern=&#8221;without_pattern&#8221;][vc_column][vc_empty_space height=&#8221;180px&#8221; el_class=&#8221;espa-sect2&#8243;][\/vc_column][\/vc_row][vc_row css_animation=&#8221;&#8221; row_type=&#8221;row&#8221; use_row_as_full_screen_section=&#8221;no&#8221; type=&#8221;full_width&#8221; angled_section=&#8221;no&#8221; text_align=&#8221;left&#8221; background_image_as_pattern=&#8221;without_pattern&#8221; css=&#8221;.vc_custom_1585905284359{background-image: url(https:\/\/www.sending.es\/wp-content\/uploads\/2020\/01\/bg04.png?id=944) !important;}&#8221; z_index=&#8221;&#8221; el_class=&#8221;no-peq&#8221;][vc_column][vc_row_inner row_type=&#8221;row&#8221; type=&#8221;grid&#8221; text_align=&#8221;left&#8221; css_animation=&#8221;&#8221;][vc_column_inner width=&#8221;3\/4&#8243; css=&#8221;.vc_custom_1578386058288{padding-right: 15% !important;}&#8221;][vc_column_text]<\/p>\n<p id=\"automobile\" class=\"sector-titulo\">Composants et<\/p>\n<p>[\/vc_column_text][vc_column_text]<\/p>\n<p class=\"sector-titulo-2\">automobiles<\/p>\n<p>[\/vc_column_text][vc_empty_space height=&#8221;35px&#8221; el_class=&#8221;espa-sect3&#8243;][vc_column_text]<\/p>\n<p class=\"txt-subtitle\">Services sp\u00e9cifiques pour la livraison de pi\u00e8ces et pi\u00e8ces de rechange aux <strong>concessionnaires<\/strong> selon diff\u00e9rents d\u00e9lais de livraison : jour suivant, jour m\u00eame et services sp\u00e9cifiques afin d&#8217;optimiser les d\u00e9lais de leurs clients.<\/p>\n<p>[\/vc_column_text][vc_empty_space height=&#8221;35px&#8221;][vc_column_text el_class=&#8221;border-left&#8221; css=&#8221;.vc_custom_1589205209636{padding-left: 15px !important;}&#8221;]<\/p>\n<p class=\"txt-subtitle\" style=\"color: grey; font-weight: 900;\"><em>Service de livraison nocturne aux concessionnaires.<\/em><\/p>\n<p>[\/vc_column_text][\/vc_column_inner][vc_column_inner width=&#8221;1\/4&#8243;][vc_single_image image=&#8221;1265&#8243; img_size=&#8221;full&#8221; alignment=&#8221;center&#8221; qode_css_animation=&#8221;&#8221;][\/vc_column_inner][\/vc_row_inner][\/vc_column][\/vc_row][vc_row css_animation=&#8221;&#8221; row_type=&#8221;row&#8221; use_row_as_full_screen_section=&#8221;no&#8221; type=&#8221;full_width&#8221; angled_section=&#8221;no&#8221; text_align=&#8221;left&#8221; background_image_as_pattern=&#8221;without_pattern&#8221; css=&#8221;.vc_custom_1585905291426{background-image: url(https:\/\/www.sending.es\/wp-content\/uploads\/2020\/01\/bg04.png?id=944) !important;}&#8221; z_index=&#8221;&#8221; el_class=&#8221;en-peq&#8221;][vc_column][vc_row_inner row_type=&#8221;row&#8221; type=&#8221;grid&#8221; text_align=&#8221;left&#8221; css_animation=&#8221;&#8221;][vc_column_inner width=&#8221;1\/4&#8243;][vc_single_image image=&#8221;1265&#8243; img_size=&#8221;full&#8221; alignment=&#8221;center&#8221; qode_css_animation=&#8221;&#8221;][\/vc_column_inner][vc_column_inner width=&#8221;3\/4&#8243; css=&#8221;.vc_custom_1578386058288{padding-right: 15% !important;}&#8221;][vc_column_text]<\/p>\n<p id=\"automobile\" class=\"sector-titulo\">Composants et<\/p>\n<p>[\/vc_column_text][vc_column_text]<\/p>\n<p class=\"sector-titulo-2\">automobiles<\/p>\n<p>[\/vc_column_text][vc_empty_space height=&#8221;35px&#8221; el_class=&#8221;espa-sect3&#8243;][vc_column_text]<\/p>\n<p class=\"txt-subtitle\">Services sp\u00e9cifiques pour la livraison de pi\u00e8ces et pi\u00e8ces de rechange aux <strong>concessionnaires<\/strong> selon diff\u00e9rents d\u00e9lais de livraison : jour suivant, jour m\u00eame et services sp\u00e9cifiques afin d&#8217;optimiser les d\u00e9lais de leurs clients.<\/p>\n<p>[\/vc_column_text][vc_empty_space height=&#8221;35px&#8221;][vc_column_text el_class=&#8221;border-left&#8221; css=&#8221;.vc_custom_1589205216476{padding-left: 15px !important;}&#8221;]<\/p>\n<p class=\"txt-subtitle\" style=\"color: grey; font-weight: 900;\"><em>Service de livraison nocturne aux concessionnaires.<\/em><\/p>\n<p>[\/vc_column_text][\/vc_column_inner][\/vc_row_inner][\/vc_column][\/vc_row][vc_row css_animation=&#8221;&#8221; row_type=&#8221;row&#8221; use_row_as_full_screen_section=&#8221;no&#8221; type=&#8221;full_width&#8221; angled_section=&#8221;no&#8221; text_align=&#8221;left&#8221; background_image_as_pattern=&#8221;without_pattern&#8221;][vc_column][vc_empty_space height=&#8221;180px&#8221; el_class=&#8221;espa-sect2&#8243;][\/vc_column][\/vc_row][vc_row css_animation=&#8221;&#8221; row_type=&#8221;row&#8221; use_row_as_full_screen_section=&#8221;no&#8221; type=&#8221;full_width&#8221; angled_section=&#8221;no&#8221; text_align=&#8221;left&#8221; background_image_as_pattern=&#8221;without_pattern&#8221; css=&#8221;.vc_custom_1578049422183{background-image: url(https:\/\/www.sending.es\/wp-content\/uploads\/2020\/01\/bg03.png?id=937) !important;}&#8221; z_index=&#8221;&#8221;][vc_column][vc_row_inner row_type=&#8221;row&#8221; type=&#8221;grid&#8221; text_align=&#8221;left&#8221; css_animation=&#8221;&#8221;][vc_column_inner width=&#8221;1\/4&#8243;][vc_single_image image=&#8221;985&#8243; img_size=&#8221;full&#8221; qode_css_animation=&#8221;&#8221;][\/vc_column_inner][vc_column_inner width=&#8221;3\/4&#8243; css=&#8221;.vc_custom_1584099619234{padding-left: 15% !important;}&#8221;][vc_column_text]<\/p>\n<p id=\"mode\" class=\"sector-titulo\">Chaussures et<\/p>\n<p>[\/vc_column_text][vc_column_text]<\/p>\n<p class=\"sector-titulo-2\">textile<\/p>\n<p>[\/vc_column_text][vc_empty_space height=&#8221;35px&#8221; el_class=&#8221;espa-sect3&#8243;][vc_column_text]<\/p>\n<p class=\"txt-subtitle\">Nous sommes les <strong>sp\u00e9cialistes des solutions<\/strong> de distribution dans le secteur du d\u00e9tail. Services de livraison aux particuliers et aux magasins. Nous am\u00e9liorons l&#8217;exp\u00e9rience du client en renfor\u00e7ant son image de marque.<\/p>\n<p>[\/vc_column_text][vc_empty_space height=&#8221;35px&#8221;][vc_column_text el_class=&#8221;border-left&#8221; css=&#8221;.vc_custom_1589205224508{padding-left: 15px !important;}&#8221;]<\/p>\n<p class=\"txt-subtitle\" style=\"color: grey; font-weight: 900;\"><em>Solutions sp\u00e9cifiques de logistique inverse adapt\u00e9e aux sp\u00e9cificit\u00e9s de chaque client.<\/em><\/p>\n<p>[\/vc_column_text][\/vc_column_inner][\/vc_row_inner][\/vc_column][\/vc_row][vc_row css_animation=&#8221;&#8221; row_type=&#8221;row&#8221; use_row_as_full_screen_section=&#8221;no&#8221; type=&#8221;full_width&#8221; angled_section=&#8221;no&#8221; text_align=&#8221;left&#8221; background_image_as_pattern=&#8221;without_pattern&#8221;][vc_column][vc_empty_space height=&#8221;120px&#8221;][\/vc_column][\/vc_row]<\/p>\n<\/div>","protected":false},"excerpt":{"rendered":"<p>[vc_row css_animation=&#8221;&#8221; row_type=&#8221;row&#8221; use_row_as_full_screen_section=&#8221;no&#8221; type=&#8221;grid&#8221; angled_section=&#8221;no&#8221; text_align=&#8221;left&#8221; background_image_as_pattern=&#8221;without_pattern&#8221; z_index=&#8221;&#8221; css=&#8221;.vc_custom_1578478023337{background-image: url(https:\/\/www.sending.es\/wp-content\/uploads\/2020\/01\/bg-sending-log02.png?id=983) !important;}&#8221;][vc_column][vc_empty_space height=&#8221;100px&#8221; el_class=&#8221;red-uno&#8221;][vc_row_inner row_type=&#8221;row&#8221; type=&#8221;full_width&#8221; text_align=&#8221;left&#8221; css_animation=&#8221;&#8221;][vc_column_inner width=&#8221;2\/3&#8243;][vc_column_text] Secteurs pr\u00e9sents [\/vc_column_text][vc_column_text] Solutions globales [\/vc_column_text][\/vc_column_inner][vc_column_inner width=&#8221;1\/3&#8243;][\/vc_column_inner][\/vc_row_inner][vc_empty_space height=&#8221;60px&#8221; el_class=&#8221;espa-sect&#8221;][vc_column_text el_class=&#8221;border-left&#8221;] Nous sommes experts en optimisation de l&#8217;exp\u00e9rience client \u00e0 travers un service sur mesure et la&#8230;<\/p>\n","protected":false},"author":3,"featured_media":0,"parent":0,"menu_order":0,"comment_status":"closed","ping_status":"closed","template":"full_width.php","meta":{"footnotes":""},"_links":{"self":[{"href":"https:\/\/www.sending.es\/fr\/wp-json\/wp\/v2\/pages\/3627"}],"collection":[{"href":"https:\/\/www.sending.es\/fr\/wp-json\/wp\/v2\/pages"}],"about":[{"href":"https:\/\/www.sending.es\/fr\/wp-json\/wp\/v2\/types\/page"}],"author":[{"embeddable":true,"href":"https:\/\/www.sending.es\/fr\/wp-json\/wp\/v2\/users\/3"}],"replies":[{"embeddable":true,"href":"https:\/\/www.sending.es\/fr\/wp-json\/wp\/v2\/comments?post=3627"}],"version-history":[{"count":0,"href":"https:\/\/www.sending.es\/fr\/wp-json\/wp\/v2\/pages\/3627\/revisions"}],"wp:attachment":[{"href":"https:\/\/www.sending.es\/fr\/wp-json\/wp\/v2\/media?parent=3627"}],"curies":[{"name":"wp","href":"https:\/\/api.w.org\/{rel}","templated":true}]}}