{"id":4472,"date":"2019-12-12T13:17:13","date_gmt":"2019-12-12T13:17:13","guid":{"rendered":"https:\/\/www.sending.es\/servicios\/"},"modified":"2023-01-19T11:44:25","modified_gmt":"2023-01-19T11:44:25","slug":"diensten","status":"publish","type":"page","link":"https:\/\/www.sending.es\/nl\/diensten\/","title":{"rendered":"KLANTERVARING"},"content":{"rendered":"<div class=\"wpb-content-wrapper\"><p>[vc_row css_animation=&#8221;&#8221; row_type=&#8221;row&#8221; use_row_as_full_screen_section=&#8221;no&#8221; type=&#8221;full_width&#8221; angled_section=&#8221;no&#8221; text_align=&#8221;left&#8221; background_image_as_pattern=&#8221;without_pattern&#8221;][vc_column][vc_empty_space height=&#8221;100px&#8221; el_class=&#8221;red-uno&#8221;][vc_row_inner row_type=&#8221;row&#8221; type=&#8221;grid&#8221; text_align=&#8221;left&#8221; css_animation=&#8221;&#8221;][vc_column_inner width=&#8221;2\/3&#8243;][vc_column_text]<\/p>\n<p class=\"grande\">Geleverde diensten<\/p>\n<p>[\/vc_column_text][vc_column_text]<\/p>\n<p class=\"subt-ws\">Wereldwijde oplossingen<\/p>\n<p>[\/vc_column_text][vc_empty_space height=&#8221;60px&#8221; el_class=&#8221;qser-espa&#8221;][\/vc_column_inner][vc_column_inner width=&#8221;1\/3&#8243;][\/vc_column_inner][\/vc_row_inner][vc_row_inner row_type=&#8221;row&#8221; type=&#8221;grid&#8221; text_align=&#8221;left&#8221; css_animation=&#8221;&#8221;][vc_column_inner][vc_column_text el_class=&#8221;border-left&#8221; css=&#8221;.vc_custom_1674128623956{padding-left: 15px !important;}&#8221;]<\/p>\n<p class=\"txt-entrada\">Sending is uw bedrijf voor <strong>express transport en logistiek<\/strong>. Met een wagenpark van 1.510 voertuigen kunnen we diensten leveren in Spanje, Portugal, Andorra, Ceuta, Melilla en bieden we de beste dienstverlening voor eilanden op de Canarische Eilanden, de Balearen en de Azoren. Met een breed aanbod aan gepersonaliseerde diensten, afgestemd op de behoeften van de klant.<\/p>\n<p>[\/vc_column_text][\/vc_column_inner][\/vc_row_inner][vc_empty_space height=&#8221;200px&#8221; el_class=&#8221;red-dos otro-servespa&#8221;][\/vc_column][\/vc_row][vc_row css_animation=&#8221;&#8221; row_type=&#8221;row&#8221; use_row_as_full_screen_section=&#8221;no&#8221; type=&#8221;full_width&#8221; angled_section=&#8221;no&#8221; text_align=&#8221;left&#8221; background_image_as_pattern=&#8221;without_pattern&#8221; css=&#8221;.vc_custom_1581526016370{background-image: url(https:\/\/www.sending.es\/wp-content\/uploads\/2020\/01\/bg03.png?id=937) !important;}&#8221; z_index=&#8221;&#8221;][vc_column][vc_row_inner row_type=&#8221;row&#8221; type=&#8221;grid&#8221; text_align=&#8221;left&#8221; css_animation=&#8221;&#8221; el_class=&#8221;modificar&#8221;][vc_column_inner width=&#8221;1\/4&#8243;][vc_single_image image=&#8221;4718&#8243; img_size=&#8221;full&#8221; qode_css_animation=&#8221;&#8221; el_class=&#8221;k-mob&#8221;][\/vc_column_inner][vc_column_inner width=&#8221;3\/4&#8243; css=&#8221;.vc_custom_1581582924739{padding-left: 15% !important;}&#8221;][vc_column_text]<\/p>\n<p id=\"transport\" class=\"sector-titulo-3\">Transport<\/p>\n<p>[\/vc_column_text][vc_empty_space height=&#8221;35px&#8221; el_class=&#8221;ocultar-linea&#8221;][vc_column_text]<\/p>\n<p class=\"txt-subtitle\">We zien erop toe dat leveringen altijd op tijd plaatsvinden, <strong>volledig veilig en onder controle<\/strong>. Onze voertuigen worden gemonitord en we passen de meest geavanceerde technologie toe waardoor we volledige controle over de goederen hebben. Bovendien maken we op een eenvoudige manier verbinding met de klant zodat we hem realtime informatie kunnen bieden<strong> via webtracking, telefoonlijn, sms, e-mails, mobiele app<\/strong> of zelfs met onze chatbot. We passen de service, tracking en traceerbaarheid aan voor alle bedrijfsprofielen en sectoren. We bieden proactief leveringsbeheer en onderhouden <strong>doorlopend en op transparante wijze contact<\/strong>.<\/p>\n<p>[\/vc_column_text][vc_empty_space height=&#8221;35px&#8221;][vc_column_text el_class=&#8221;border-left&#8221; css=&#8221;.vc_custom_1674128662450{padding-left: 15px !important;}&#8221;]<\/p>\n<p class=\"txt-subtitle\" style=\"color: grey; font-weight: 900;\"><em>De ISO 9001, 14001 en 45001 certificeringen, het Madrid Excelente-keurmerk, de Ecovadis-certificering en het E-keurmerk voor uitmuntendheid in logistiek en transport garanderen de kwaliteit van ons werk.<\/em><\/p>\n<p>[\/vc_column_text][\/vc_column_inner][\/vc_row_inner][vc_empty_space height=&#8221;64px&#8221; el_class=&#8221;no-espa-lo&#8221;][\/vc_column][\/vc_row][vc_row css_animation=&#8221;&#8221; row_type=&#8221;row&#8221; use_row_as_full_screen_section=&#8221;no&#8221; type=&#8221;full_width&#8221; angled_section=&#8221;no&#8221; text_align=&#8221;left&#8221; background_image_as_pattern=&#8221;without_pattern&#8221; z_index=&#8221;&#8221; css=&#8221;.vc_custom_1585727814670{margin-right: 9% !important;margin-left: 9% !important;}&#8221;][vc_column][vc_empty_space height=&#8221;64px&#8221; el_class=&#8221;ocultar-linea&#8221;][vc_single_image image=&#8221;576&#8243; img_size=&#8221;full&#8221; qode_css_animation=&#8221;&#8221; el_class=&#8221;flecha-send&#8221;][vc_column_text]<\/p>\n<h2 class=\"titulo-serviciossendi\">Onze transportdiensten<\/h2>\n<p>[\/vc_column_text][vc_empty_space height=&#8221;100px&#8221;][\/vc_column][\/vc_row][vc_row css_animation=&#8221;&#8221; row_type=&#8221;row&#8221; use_row_as_full_screen_section=&#8221;no&#8221; type=&#8221;full_width&#8221; angled_section=&#8221;no&#8221; text_align=&#8221;left&#8221; background_image_as_pattern=&#8221;without_pattern&#8221; css=&#8221;.vc_custom_1585727054351{margin-right: 9% !important;margin-left: 9% !important;background-color: #ffffff !important;}&#8221; z_index=&#8221;&#8221;][vc_column][vc_empty_space height=&#8221;64px&#8221;][vc_row_inner row_type=&#8221;row&#8221; type=&#8221;full_width&#8221; text_align=&#8221;left&#8221; css_animation=&#8221;&#8221;][vc_column_inner width=&#8221;1\/3&#8243;][vc_single_image image=&#8221;4542&#8243; img_size=&#8221;full&#8221; alignment=&#8221;center&#8221; qode_css_animation=&#8221;&#8221; qode_hover_animation=&#8221;zoom_in&#8221;][\/vc_column_inner][vc_column_inner width=&#8221;1\/3&#8243;][vc_single_image image=&#8221;4549&#8243; img_size=&#8221;full&#8221; alignment=&#8221;center&#8221; qode_css_animation=&#8221;&#8221; qode_hover_animation=&#8221;zoom_in&#8221;][\/vc_column_inner][vc_column_inner width=&#8221;1\/3&#8243;][vc_single_image image=&#8221;4556&#8243; img_size=&#8221;full&#8221; alignment=&#8221;center&#8221; qode_css_animation=&#8221;&#8221; qode_hover_animation=&#8221;zoom_in&#8221;][\/vc_column_inner][\/vc_row_inner][vc_empty_space el_class=&#8221;no-espa-lo&#8221;][vc_row_inner row_type=&#8221;row&#8221; type=&#8221;full_width&#8221; text_align=&#8221;left&#8221; css_animation=&#8221;&#8221;][vc_column_inner width=&#8221;1\/3&#8243;][vc_single_image image=&#8221;4563&#8243; img_size=&#8221;full&#8221; alignment=&#8221;center&#8221; qode_css_animation=&#8221;&#8221; qode_hover_animation=&#8221;zoom_in&#8221;][\/vc_column_inner][vc_column_inner width=&#8221;1\/3&#8243;][vc_single_image image=&#8221;4570&#8243; img_size=&#8221;full&#8221; alignment=&#8221;center&#8221; qode_css_animation=&#8221;&#8221; qode_hover_animation=&#8221;zoom_in&#8221;][\/vc_column_inner][vc_column_inner width=&#8221;1\/3&#8243;][vc_single_image image=&#8221;4577&#8243; img_size=&#8221;full&#8221; alignment=&#8221;center&#8221; qode_css_animation=&#8221;&#8221; qode_hover_animation=&#8221;zoom_in&#8221;][\/vc_column_inner][\/vc_row_inner][vc_empty_space][\/vc_column][\/vc_row][vc_row css_animation=&#8221;&#8221; row_type=&#8221;row&#8221; use_row_as_full_screen_section=&#8221;no&#8221; type=&#8221;full_width&#8221; angled_section=&#8221;no&#8221; text_align=&#8221;left&#8221; background_image_as_pattern=&#8221;without_pattern&#8221;][vc_column][vc_empty_space height=&#8221;120px&#8221; el_class=&#8221;altu-logi&#8221;][\/vc_column][\/vc_row][vc_row css_animation=&#8221;&#8221; row_type=&#8221;row&#8221; use_row_as_full_screen_section=&#8221;no&#8221; type=&#8221;full_width&#8221; angled_section=&#8221;no&#8221; text_align=&#8221;left&#8221; background_image_as_pattern=&#8221;without_pattern&#8221; css=&#8221;.vc_custom_1581526526309{background-image: url(https:\/\/www.sending.es\/wp-content\/uploads\/2020\/01\/bg04.png?id=944) !important;}&#8221; z_index=&#8221;&#8221;][vc_column][vc_row_inner row_type=&#8221;row&#8221; type=&#8221;grid&#8221; text_align=&#8221;left&#8221; css_animation=&#8221;&#8221; el_class=&#8221;modificar&#8221;][vc_column_inner width=&#8221;3\/4&#8243; css=&#8221;.vc_custom_1581582915567{padding-right: 15% !important;}&#8221;][vc_column_text]<\/p>\n<p id=\"logistiek\" class=\"sector-titulo-3\">Logistiek<\/p>\n<p>[\/vc_column_text][vc_empty_space height=&#8221;35px&#8221; el_class=&#8221;ocultar-linea&#8221;][vc_column_text]<\/p>\n<p class=\"txt-subtitle\">Op logistiek gebied nemen we de <strong>opslag, verpakking, ordervoorbereiding en transport<\/strong> van onze zendingen voor onze rekening, door middel van \u00e9\u00e9n beheersysteem. Dit gebeurt met \u00e9\u00e9n enkel aanspreekpunt en interface zodat deze fase van de keten beter traceerbaar, controleerbaar en dynamischer is. We hebben drones voor voorraadbeheer, <strong>zelfgeleide intralogistieke voertuigen,<\/strong> koelkamers, automatische classificatie- en pickingsystemen om te voldoen aan de behoeften van sectoren waarin we koplopers zijn, zoals <strong>optiek, mode, apotheken, orthopedie, IT, detailhandel, auto-sector of schoenen.<\/strong><\/p>\n<p>[\/vc_column_text][vc_empty_space height=&#8221;35px&#8221;][vc_column_text el_class=&#8221;border-left&#8221; css=&#8221;.vc_custom_1589974750893{padding-left: 15px !important;}&#8221;]<\/p>\n<p class=\"txt-subtitle\" style=\"color: grey; font-weight: 900;\"><em>Uiteraard leveren we hierbij omgekeerde logistiek als dienst met toegevoegde waarde.<\/em><\/p>\n<p>[\/vc_column_text][\/vc_column_inner][vc_column_inner width=&#8221;1\/4&#8243;][vc_single_image image=&#8221;5091&#8243; img_size=&#8221;full&#8221; qode_css_animation=&#8221;&#8221; el_class=&#8221;k-mob&#8221;][\/vc_column_inner][\/vc_row_inner][vc_empty_space height=&#8221;64px&#8221; el_class=&#8221;menos-logi ocultar-linea&#8221;][\/vc_column][\/vc_row][vc_row css_animation=&#8221;&#8221; row_type=&#8221;row&#8221; use_row_as_full_screen_section=&#8221;no&#8221; type=&#8221;full_width&#8221; angled_section=&#8221;no&#8221; text_align=&#8221;left&#8221; background_image_as_pattern=&#8221;without_pattern&#8221; z_index=&#8221;&#8221; css=&#8221;.vc_custom_1585727077700{margin-right: 9% !important;margin-left: 9% !important;}&#8221;][vc_column][vc_empty_space height=&#8221;64px&#8221; el_class=&#8221;ocultar-linea&#8221;][vc_single_image image=&#8221;576&#8243; img_size=&#8221;full&#8221; qode_css_animation=&#8221;&#8221; el_class=&#8221;flecha-sendlogi&#8221;][vc_column_text]<\/p>\n<h2 class=\"titulo-serviciossendilogi\">Belangrijkste logistieke diensten<\/h2>\n<p>[\/vc_column_text][vc_empty_space height=&#8221;100px&#8221; el_class=&#8221;espacio-menor&#8221;][vc_row_inner row_type=&#8221;row&#8221; type=&#8221;full_width&#8221; text_align=&#8221;left&#8221; css_animation=&#8221;&#8221;][vc_column_inner][vc_empty_space height=&#8221;120px&#8221; el_class=&#8221;re-logiespa&#8221;][\/vc_column_inner][\/vc_row_inner][vc_row_inner row_type=&#8221;row&#8221; type=&#8221;full_width&#8221; text_align=&#8221;left&#8221; css_animation=&#8221;&#8221;][vc_column_inner width=&#8221;1\/3&#8243;][vc_single_image image=&#8221;4584&#8243; img_size=&#8221;full&#8221; alignment=&#8221;center&#8221; qode_css_animation=&#8221;&#8221; qode_hover_animation=&#8221;zoom_in&#8221;][\/vc_column_inner][vc_column_inner width=&#8221;1\/3&#8243;][vc_single_image image=&#8221;4591&#8243; img_size=&#8221;full&#8221; alignment=&#8221;center&#8221; qode_css_animation=&#8221;&#8221; qode_hover_animation=&#8221;zoom_in&#8221;][\/vc_column_inner][vc_column_inner width=&#8221;1\/3&#8243;][vc_single_image image=&#8221;4605&#8243; img_size=&#8221;full&#8221; alignment=&#8221;center&#8221; qode_css_animation=&#8221;&#8221; qode_hover_animation=&#8221;zoom_in&#8221;][\/vc_column_inner][\/vc_row_inner][vc_row_inner row_type=&#8221;row&#8221; type=&#8221;full_width&#8221; text_align=&#8221;left&#8221; css_animation=&#8221;&#8221;][vc_column_inner][vc_empty_space height=&#8221;30px&#8221; el_class=&#8221;no-espa-lo&#8221;][\/vc_column_inner][\/vc_row_inner][vc_row_inner row_type=&#8221;row&#8221; type=&#8221;full_width&#8221; text_align=&#8221;left&#8221; css_animation=&#8221;&#8221;][vc_column_inner width=&#8221;1\/3&#8243;][vc_single_image image=&#8221;4612&#8243; img_size=&#8221;full&#8221; alignment=&#8221;center&#8221; qode_css_animation=&#8221;&#8221; qode_hover_animation=&#8221;zoom_in&#8221;][\/vc_column_inner][vc_column_inner width=&#8221;1\/3&#8243;][vc_single_image image=&#8221;4619&#8243; img_size=&#8221;full&#8221; alignment=&#8221;center&#8221; qode_css_animation=&#8221;&#8221; qode_hover_animation=&#8221;zoom_in&#8221;][\/vc_column_inner][vc_column_inner width=&#8221;1\/3&#8243;][vc_single_image image=&#8221;4626&#8243; img_size=&#8221;full&#8221; alignment=&#8221;center&#8221; qode_css_animation=&#8221;&#8221; qode_hover_animation=&#8221;zoom_in&#8221;][\/vc_column_inner][\/vc_row_inner][\/vc_column][\/vc_row][vc_row css_animation=&#8221;&#8221; row_type=&#8221;row&#8221; use_row_as_full_screen_section=&#8221;no&#8221; type=&#8221;full_width&#8221; angled_section=&#8221;no&#8221; text_align=&#8221;left&#8221; background_image_as_pattern=&#8221;without_pattern&#8221;][vc_column][vc_empty_space height=&#8221;120px&#8221; el_class=&#8221;ecom-espacio&#8221;][vc_empty_space height=&#8221;100px&#8221; el_class=&#8221;no-espa-lo&#8221;][\/vc_column][\/vc_row][vc_row css_animation=&#8221;&#8221; row_type=&#8221;row&#8221; use_row_as_full_screen_section=&#8221;no&#8221; type=&#8221;full_width&#8221; angled_section=&#8221;no&#8221; text_align=&#8221;left&#8221; background_image_as_pattern=&#8221;without_pattern&#8221; css=&#8221;.vc_custom_1581526016370{background-image: url(https:\/\/www.sending.es\/wp-content\/uploads\/2020\/01\/bg03.png?id=937) !important;}&#8221; z_index=&#8221;&#8221;][vc_column][vc_row_inner row_type=&#8221;row&#8221; type=&#8221;grid&#8221; text_align=&#8221;left&#8221; css_animation=&#8221;&#8221; el_class=&#8221;modificar&#8221;][vc_column_inner width=&#8221;1\/4&#8243;][vc_single_image image=&#8221;4473&#8243; img_size=&#8221;full&#8221; qode_css_animation=&#8221;&#8221; el_class=&#8221;k-mob&#8221;][\/vc_column_inner][vc_column_inner width=&#8221;3\/4&#8243; css=&#8221;.vc_custom_1581582878638{padding-left: 15% !important;}&#8221;][vc_column_text]<\/p>\n<p id=\"ecommerce-diensten\" class=\"sector-titulo-3\">e-Commerce<\/p>\n<p>[\/vc_column_text][vc_empty_space height=&#8221;35px&#8221; el_class=&#8221;ocultar-linea&#8221;][vc_column_text]<\/p>\n<p class=\"txt-subtitle\">We streven naar een <strong>zeer dynamische oplossing<\/strong> waardoor zowel <strong>v\u00f3\u00f3r<\/strong> als <strong>tijdens<\/strong> levering van de zending met de ontvanger wordt gecommuniceerd. Op deze manier behalen we de hoogste leveringsratio&#8217;s van deze diensten en kunnen we <strong>omgekeerde logistiek<\/strong> beheren. De ontvangers van onze klanten kunnen de levertijden zelf beheren door de tijdsloten te kiezen waarin ze hun zendingen willen ontvangen. Daarnaast hebben we een notificatiesysteem (<strong>via sms<\/strong>) waarmee de levering een uur van tevoren aan de eindontvanger wordt gemeld.<\/p>\n<p>[\/vc_column_text][vc_empty_space height=&#8221;35px&#8221;][vc_column_text el_class=&#8221;border-left&#8221; css=&#8221;.vc_custom_1589451720269{padding-left: 15px !important;}&#8221;]<\/p>\n<p class=\"txt-subtitle\" style=\"color: grey; font-weight: 900;\"><em>Sending is door de Spaanse Kamer van Koophandel geselecteerd als de beste e-commerceoplossing.<\/em><\/p>\n<p>[\/vc_column_text][\/vc_column_inner][\/vc_row_inner][vc_empty_space height=&#8221;64px&#8221; el_class=&#8221;ocultar-linea&#8221;][\/vc_column][\/vc_row][vc_row css_animation=&#8221;&#8221; row_type=&#8221;row&#8221; use_row_as_full_screen_section=&#8221;no&#8221; type=&#8221;full_width&#8221; angled_section=&#8221;no&#8221; text_align=&#8221;left&#8221; background_image_as_pattern=&#8221;without_pattern&#8221; z_index=&#8221;&#8221; css=&#8221;.vc_custom_1585727138059{margin-right: 9% !important;margin-left: 9% !important;}&#8221;][vc_column][vc_empty_space height=&#8221;64px&#8221;][vc_single_image image=&#8221;576&#8243; img_size=&#8221;full&#8221; qode_css_animation=&#8221;&#8221; el_class=&#8221;flecha-sendlogi ecomn&#8221;][vc_column_text]<\/p>\n<h2 class=\"titulo-serviciossendilogi\">Belangrijkste e-commercediensten<\/h2>\n<p>[\/vc_column_text][vc_empty_space height=&#8221;100px&#8221;][vc_row_inner row_type=&#8221;row&#8221; type=&#8221;full_width&#8221; text_align=&#8221;left&#8221; css_animation=&#8221;&#8221;][vc_column_inner][vc_empty_space height=&#8221;120px&#8221;][\/vc_column_inner][\/vc_row_inner][vc_row_inner row_type=&#8221;row&#8221; type=&#8221;full_width&#8221; text_align=&#8221;center&#8221; css_animation=&#8221;&#8221;][vc_column_inner width=&#8221;1\/4&#8243;][vc_single_image image=&#8221;4633&#8243; img_size=&#8221;full&#8221; alignment=&#8221;center&#8221; qode_css_animation=&#8221;&#8221; qode_hover_animation=&#8221;zoom_in&#8221;][\/vc_column_inner][vc_column_inner width=&#8221;1\/4&#8243;][vc_single_image image=&#8221;4640&#8243; img_size=&#8221;full&#8221; alignment=&#8221;center&#8221; qode_css_animation=&#8221;&#8221; qode_hover_animation=&#8221;zoom_in&#8221;][\/vc_column_inner][vc_column_inner width=&#8221;1\/4&#8243;][vc_single_image image=&#8221;4647&#8243; img_size=&#8221;full&#8221; alignment=&#8221;center&#8221; qode_css_animation=&#8221;&#8221; qode_hover_animation=&#8221;zoom_in&#8221;][\/vc_column_inner][vc_column_inner width=&#8221;1\/4&#8243;][vc_single_image image=&#8221;4654&#8243; img_size=&#8221;full&#8221; alignment=&#8221;center&#8221; qode_css_animation=&#8221;&#8221; qode_hover_animation=&#8221;zoom_in&#8221;][\/vc_column_inner][\/vc_row_inner][vc_empty_space height=&#8221;30px&#8221; el_class=&#8221;no-espa-lo&#8221;][vc_row_inner row_type=&#8221;row&#8221; type=&#8221;full_width&#8221; text_align=&#8221;center&#8221; css_animation=&#8221;&#8221;][vc_column_inner width=&#8221;1\/4&#8243;][vc_single_image image=&#8221;4661&#8243; img_size=&#8221;full&#8221; alignment=&#8221;center&#8221; qode_css_animation=&#8221;&#8221; qode_hover_animation=&#8221;zoom_in&#8221;][\/vc_column_inner][vc_column_inner width=&#8221;1\/4&#8243;][vc_single_image image=&#8221;4668&#8243; img_size=&#8221;full&#8221; alignment=&#8221;center&#8221; qode_css_animation=&#8221;&#8221; qode_hover_animation=&#8221;zoom_in&#8221;][\/vc_column_inner][vc_column_inner width=&#8221;1\/4&#8243;][vc_single_image image=&#8221;4675&#8243; img_size=&#8221;full&#8221; alignment=&#8221;center&#8221; qode_css_animation=&#8221;&#8221; qode_hover_animation=&#8221;zoom_in&#8221;][\/vc_column_inner][vc_column_inner width=&#8221;1\/4&#8243;][vc_single_image image=&#8221;4682&#8243; img_size=&#8221;full&#8221; alignment=&#8221;center&#8221; qode_css_animation=&#8221;&#8221; qode_hover_animation=&#8221;zoom_in&#8221;][\/vc_column_inner][\/vc_row_inner][vc_empty_space height=&#8221;30px&#8221; el_class=&#8221;no-espa-lo&#8221;][vc_row_inner row_type=&#8221;row&#8221; type=&#8221;full_width&#8221; text_align=&#8221;center&#8221; css_animation=&#8221;&#8221;][vc_column_inner width=&#8221;1\/4&#8243;][vc_single_image image=&#8221;4689&#8243; img_size=&#8221;full&#8221; alignment=&#8221;center&#8221; qode_css_animation=&#8221;&#8221; qode_hover_animation=&#8221;zoom_in&#8221;][\/vc_column_inner][vc_column_inner width=&#8221;1\/4&#8243;][vc_single_image image=&#8221;4696&#8243; img_size=&#8221;full&#8221; alignment=&#8221;center&#8221; qode_css_animation=&#8221;&#8221; qode_hover_animation=&#8221;zoom_in&#8221;][\/vc_column_inner][vc_column_inner width=&#8221;1\/4&#8243;][vc_single_image image=&#8221;4703&#8243; img_size=&#8221;full&#8221; alignment=&#8221;center&#8221; qode_css_animation=&#8221;&#8221; qode_hover_animation=&#8221;zoom_in&#8221;][\/vc_column_inner][vc_column_inner width=&#8221;1\/4&#8243;][vc_single_image image=&#8221;4710&#8243; img_size=&#8221;full&#8221; alignment=&#8221;center&#8221; qode_css_animation=&#8221;&#8221; qode_hover_animation=&#8221;zoom_in&#8221;][\/vc_column_inner][\/vc_row_inner][\/vc_column][\/vc_row][vc_row css_animation=&#8221;&#8221; row_type=&#8221;row&#8221; use_row_as_full_screen_section=&#8221;no&#8221; type=&#8221;full_width&#8221; angled_section=&#8221;no&#8221; text_align=&#8221;left&#8221; background_image_as_pattern=&#8221;without_pattern&#8221;][vc_column][vc_empty_space height=&#8221;120px&#8221; el_class=&#8221;no-espa-lo&#8221;][\/vc_column][\/vc_row]<\/p>\n<\/div>","protected":false},"excerpt":{"rendered":"<p>[vc_row css_animation=&#8221;&#8221; row_type=&#8221;row&#8221; use_row_as_full_screen_section=&#8221;no&#8221; type=&#8221;full_width&#8221; angled_section=&#8221;no&#8221; text_align=&#8221;left&#8221; background_image_as_pattern=&#8221;without_pattern&#8221;][vc_column][vc_empty_space height=&#8221;100px&#8221; el_class=&#8221;red-uno&#8221;][vc_row_inner row_type=&#8221;row&#8221; type=&#8221;grid&#8221; text_align=&#8221;left&#8221; css_animation=&#8221;&#8221;][vc_column_inner width=&#8221;2\/3&#8243;][vc_column_text] Geleverde diensten [\/vc_column_text][vc_column_text] Wereldwijde oplossingen [\/vc_column_text][vc_empty_space height=&#8221;60px&#8221; el_class=&#8221;qser-espa&#8221;][\/vc_column_inner][vc_column_inner width=&#8221;1\/3&#8243;][\/vc_column_inner][\/vc_row_inner][vc_row_inner row_type=&#8221;row&#8221; type=&#8221;grid&#8221; text_align=&#8221;left&#8221; css_animation=&#8221;&#8221;][vc_column_inner][vc_column_text el_class=&#8221;border-left&#8221; css=&#8221;.vc_custom_1674128623956{padding-left: 15px !important;}&#8221;] Sending is uw bedrijf voor express transport en logistiek. Met een wagenpark van&#8230;<\/p>\n","protected":false},"author":3,"featured_media":0,"parent":0,"menu_order":0,"comment_status":"closed","ping_status":"closed","template":"full_width.php","meta":{"footnotes":""},"_links":{"self":[{"href":"https:\/\/www.sending.es\/nl\/wp-json\/wp\/v2\/pages\/4472"}],"collection":[{"href":"https:\/\/www.sending.es\/nl\/wp-json\/wp\/v2\/pages"}],"about":[{"href":"https:\/\/www.sending.es\/nl\/wp-json\/wp\/v2\/types\/page"}],"author":[{"embeddable":true,"href":"https:\/\/www.sending.es\/nl\/wp-json\/wp\/v2\/users\/3"}],"replies":[{"embeddable":true,"href":"https:\/\/www.sending.es\/nl\/wp-json\/wp\/v2\/comments?post=4472"}],"version-history":[{"count":3,"href":"https:\/\/www.sending.es\/nl\/wp-json\/wp\/v2\/pages\/4472\/revisions"}],"predecessor-version":[{"id":12261,"href":"https:\/\/www.sending.es\/nl\/wp-json\/wp\/v2\/pages\/4472\/revisions\/12261"}],"wp:attachment":[{"href":"https:\/\/www.sending.es\/nl\/wp-json\/wp\/v2\/media?parent=4472"}],"curies":[{"name":"wp","href":"https:\/\/api.w.org\/{rel}","templated":true}]}}