{"id":3685,"date":"2019-12-12T13:17:13","date_gmt":"2019-12-12T13:17:13","guid":{"rendered":"https:\/\/www.sending.es\/servicios\/"},"modified":"2023-01-19T11:52:04","modified_gmt":"2023-01-19T11:52:04","slug":"servicos","status":"publish","type":"page","link":"https:\/\/www.sending.es\/pt-pt\/servicos\/","title":{"rendered":"EXPERI\u00caNCIA DE CLIENTE"},"content":{"rendered":"<div class=\"wpb-content-wrapper\"><p>[vc_row css_animation=&#8221;&#8221; row_type=&#8221;row&#8221; use_row_as_full_screen_section=&#8221;no&#8221; type=&#8221;full_width&#8221; angled_section=&#8221;no&#8221; text_align=&#8221;left&#8221; background_image_as_pattern=&#8221;without_pattern&#8221;][vc_column][vc_empty_space height=&#8221;100px&#8221; el_class=&#8221;red-uno&#8221;][vc_row_inner row_type=&#8221;row&#8221; type=&#8221;grid&#8221; text_align=&#8221;left&#8221; css_animation=&#8221;&#8221;][vc_column_inner width=&#8221;2\/3&#8243;][vc_column_text]<\/p>\n<p class=\"grande\">Servi\u00e7os prestados<\/p>\n<p>[\/vc_column_text][vc_column_text]<\/p>\n<p class=\"subt-ws\">Solu\u00e7\u00f5es globais<\/p>\n<p>[\/vc_column_text][vc_empty_space height=&#8221;60px&#8221; el_class=&#8221;qser-espa&#8221;][\/vc_column_inner][vc_column_inner width=&#8221;1\/3&#8243;][\/vc_column_inner][\/vc_row_inner][vc_row_inner row_type=&#8221;row&#8221; type=&#8221;grid&#8221; text_align=&#8221;left&#8221; css_animation=&#8221;&#8221;][vc_column_inner][vc_column_text el_class=&#8221;border-left&#8221; css=&#8221;.vc_custom_1674129096621{padding-left: 15px !important;}&#8221;]<\/p>\n<p class=\"txt-entrada\">A Sending \u00e9 a sua empresa de <strong>transporte urgente e log\u00edstica.<\/strong> Com uma frota de 1.510 ve\u00edculos, oferecemos cobertura em Espanha, Portugal, Andorra, Ceuta, Melilha e o melhor servi\u00e7o insular nas Can\u00e1rias, Baleares e A\u00e7ores. Com uma vasta gama de servi\u00e7os personalizados em fun\u00e7\u00e3o das necessidades do cliente.<\/p>\n<p>[\/vc_column_text][\/vc_column_inner][\/vc_row_inner][vc_empty_space height=&#8221;200px&#8221; el_class=&#8221;red-dos otro-servespa&#8221;][\/vc_column][\/vc_row][vc_row css_animation=&#8221;&#8221; row_type=&#8221;row&#8221; use_row_as_full_screen_section=&#8221;no&#8221; type=&#8221;full_width&#8221; angled_section=&#8221;no&#8221; text_align=&#8221;left&#8221; background_image_as_pattern=&#8221;without_pattern&#8221; css=&#8221;.vc_custom_1581526016370{background-image: url(https:\/\/www.sending.es\/wp-content\/uploads\/2020\/01\/bg03.png?id=937) !important;}&#8221; z_index=&#8221;&#8221;][vc_column][vc_row_inner row_type=&#8221;row&#8221; type=&#8221;grid&#8221; text_align=&#8221;left&#8221; css_animation=&#8221;&#8221; el_class=&#8221;modificar&#8221;][vc_column_inner width=&#8221;1\/4&#8243;][vc_single_image image=&#8221;3710&#8243; img_size=&#8221;full&#8221; qode_css_animation=&#8221;&#8221; el_class=&#8221;k-mob&#8221;][\/vc_column_inner][vc_column_inner width=&#8221;3\/4&#8243; css=&#8221;.vc_custom_1581582924739{padding-left: 15% !important;}&#8221;][vc_column_text]<\/p>\n<p id=\"transporte\" class=\"sector-titulo-3\">Transporte<\/p>\n<p>[\/vc_column_text][vc_empty_space height=&#8221;35px&#8221; el_class=&#8221;ocultar-linea&#8221;][vc_column_text]<\/p>\n<p class=\"txt-subtitle\">Comprometidos para que as entregas ocorram sempre dentro de <strong>prazo, com total seguran\u00e7a e controlo.<\/strong> Os nossos ve\u00edculos s\u00e3o monitorizados e aplicamos a tecnologia mais avan\u00e7ada para um controlo total da mercadoria. Al\u00e9m disso, fornecemos uma integra\u00e7\u00e3o simples com o cliente para lhe oferecer informa\u00e7\u00e3o em tempo real <strong>via tracking web, atendimento telef\u00f3nico, sms, e-mails, APP<\/strong> para telem\u00f3veis ou inclusivamente com o nosso chatbot. Personalizamos o servi\u00e7o, o tracking e a rastreabilidade para todos os perfis empresariais e setores. Oferecemos pr\u00f3-atividade na gest\u00e3o de entrega e mantemos <strong>um contacto permanente e transparente.<\/strong><\/p>\n<p>[\/vc_column_text][vc_empty_space height=&#8221;35px&#8221;][vc_column_text el_class=&#8221;border-left&#8221; css=&#8221;.vc_custom_1674129121079{padding-left: 15px !important;}&#8221;]<\/p>\n<p class=\"txt-subtitle\" style=\"font-weight: 900; color: grey;\"><em>As certifica\u00e7\u00f5es ISO 9001, 14001 e 45001, o Selo Madrid Excelente, a certifica\u00e7\u00e3o Ecovadis e o Selo E em Excel\u00eancia em log\u00edstica e transporte s\u00e3o uma garantia de qualidade do nosso trabalho.<\/em><\/p>\n<p>[\/vc_column_text][\/vc_column_inner][\/vc_row_inner][vc_empty_space height=&#8221;64px&#8221; el_class=&#8221;no-espa-lo&#8221;][\/vc_column][\/vc_row][vc_row css_animation=&#8221;&#8221; row_type=&#8221;row&#8221; use_row_as_full_screen_section=&#8221;no&#8221; type=&#8221;full_width&#8221; angled_section=&#8221;no&#8221; text_align=&#8221;left&#8221; background_image_as_pattern=&#8221;without_pattern&#8221; z_index=&#8221;&#8221; css=&#8221;.vc_custom_1585727814670{margin-right: 9% !important;margin-left: 9% !important;}&#8221;][vc_column][vc_empty_space height=&#8221;64px&#8221; el_class=&#8221;ocultar-linea&#8221;][vc_single_image image=&#8221;576&#8243; img_size=&#8221;full&#8221; qode_css_animation=&#8221;&#8221; el_class=&#8221;flecha-send&#8221;][vc_column_text]<\/p>\n<h2 class=\"titulo-serviciossendi\">Os nossos Servi\u00e7os de Transporte<\/h2>\n<p>[\/vc_column_text][vc_empty_space height=&#8221;100px&#8221;][\/vc_column][\/vc_row][vc_row css_animation=&#8221;&#8221; row_type=&#8221;row&#8221; use_row_as_full_screen_section=&#8221;no&#8221; type=&#8221;full_width&#8221; angled_section=&#8221;no&#8221; text_align=&#8221;left&#8221; background_image_as_pattern=&#8221;without_pattern&#8221; css=&#8221;.vc_custom_1585727054351{margin-right: 9% !important;margin-left: 9% !important;background-color: #ffffff !important;}&#8221; z_index=&#8221;&#8221;][vc_column][vc_empty_space height=&#8221;64px&#8221;][vc_row_inner row_type=&#8221;row&#8221; type=&#8221;full_width&#8221; text_align=&#8221;left&#8221; css_animation=&#8221;&#8221;][vc_column_inner width=&#8221;1\/3&#8243;][vc_single_image image=&#8221;3688&#8243; img_size=&#8221;full&#8221; alignment=&#8221;center&#8221; qode_css_animation=&#8221;&#8221; qode_hover_animation=&#8221;zoom_in&#8221;][\/vc_column_inner][vc_column_inner width=&#8221;1\/3&#8243;][vc_single_image image=&#8221;3695&#8243; img_size=&#8221;full&#8221; alignment=&#8221;center&#8221; qode_css_animation=&#8221;&#8221; qode_hover_animation=&#8221;zoom_in&#8221;][\/vc_column_inner][vc_column_inner width=&#8221;1\/3&#8243;][vc_single_image image=&#8221;3702&#8243; img_size=&#8221;full&#8221; alignment=&#8221;center&#8221; qode_css_animation=&#8221;&#8221; qode_hover_animation=&#8221;zoom_in&#8221;][\/vc_column_inner][\/vc_row_inner][vc_empty_space el_class=&#8221;no-espa-lo&#8221;][vc_row_inner row_type=&#8221;row&#8221; type=&#8221;full_width&#8221; text_align=&#8221;left&#8221; css_animation=&#8221;&#8221;][vc_column_inner width=&#8221;1\/3&#8243;][vc_single_image image=&#8221;3854&#8243; img_size=&#8221;full&#8221; alignment=&#8221;center&#8221; qode_css_animation=&#8221;&#8221; qode_hover_animation=&#8221;zoom_in&#8221;][\/vc_column_inner][vc_column_inner width=&#8221;1\/3&#8243;][vc_single_image image=&#8221;3861&#8243; img_size=&#8221;full&#8221; alignment=&#8221;center&#8221; qode_css_animation=&#8221;&#8221; qode_hover_animation=&#8221;zoom_in&#8221;][\/vc_column_inner][vc_column_inner width=&#8221;1\/3&#8243;][vc_single_image image=&#8221;3868&#8243; img_size=&#8221;full&#8221; alignment=&#8221;center&#8221; qode_css_animation=&#8221;&#8221; qode_hover_animation=&#8221;zoom_in&#8221;][\/vc_column_inner][\/vc_row_inner][vc_empty_space][\/vc_column][\/vc_row][vc_row css_animation=&#8221;&#8221; row_type=&#8221;row&#8221; use_row_as_full_screen_section=&#8221;no&#8221; type=&#8221;full_width&#8221; angled_section=&#8221;no&#8221; text_align=&#8221;left&#8221; background_image_as_pattern=&#8221;without_pattern&#8221;][vc_column][vc_empty_space height=&#8221;120px&#8221; el_class=&#8221;altu-logi&#8221;][\/vc_column][\/vc_row][vc_row css_animation=&#8221;&#8221; row_type=&#8221;row&#8221; use_row_as_full_screen_section=&#8221;no&#8221; type=&#8221;full_width&#8221; angled_section=&#8221;no&#8221; text_align=&#8221;left&#8221; background_image_as_pattern=&#8221;without_pattern&#8221; css=&#8221;.vc_custom_1581526526309{background-image: url(https:\/\/www.sending.es\/wp-content\/uploads\/2020\/01\/bg04.png?id=944) !important;}&#8221; z_index=&#8221;&#8221;][vc_column][vc_row_inner row_type=&#8221;row&#8221; type=&#8221;grid&#8221; text_align=&#8221;left&#8221; css_animation=&#8221;&#8221; el_class=&#8221;modificar&#8221;][vc_column_inner width=&#8221;3\/4&#8243; css=&#8221;.vc_custom_1581582915567{padding-right: 15% !important;}&#8221;][vc_column_text]<\/p>\n<p id=\"logistica\" class=\"sector-titulo-3\">Log\u00edstica<\/p>\n<p>[\/vc_column_text][vc_empty_space height=&#8221;35px&#8221; el_class=&#8221;ocultar-linea&#8221;][vc_column_text]<\/p>\n<p class=\"txt-subtitle\">Na \u00e1rea log\u00edstica englobamos a <strong>armazenagem, embalagem, prepara\u00e7\u00e3o de encomendas e o transporte<\/strong> dos nossos envios num \u00fanico sistema de gest\u00e3o. Tudo isto atrav\u00e9s de um \u00fanico interlocutor e um \u00fanico interface para fornecer rastreabilidade, controlo e dinamismo a esta fase da cadeia. Possu\u00edmos drones para o controlo de stocks, ve\u00edculos de <strong>intralog\u00edstica autoguiada,<\/strong> c\u00e2maras frigor\u00edficas, sistemas de classifica\u00e7\u00e3o autom\u00e1tica e picking para cobrir as necessidades de setores nos quais somos l\u00edderes como os setores da <strong>\u00f3tica, moda, farm\u00e1cia, ortopedia, IT, retalho, autom\u00f3vel ou do cal\u00e7ado.<\/strong><\/p>\n<p>[\/vc_column_text][vc_empty_space height=&#8221;35px&#8221;][vc_column_text el_class=&#8221;border-left&#8221; css=&#8221;.vc_custom_1589964385505{padding-left: 15px !important;}&#8221;]<\/p>\n<p class=\"txt-subtitle\" style=\"font-weight: 900; color: grey;\"><em>Tudo isto, sem nos esquecermos da log\u00edstica inversa como servi\u00e7o de valor acrescentado.<\/em><\/p>\n<p>[\/vc_column_text][\/vc_column_inner][vc_column_inner width=&#8221;1\/4&#8243;][vc_single_image image=&#8221;5089&#8243; img_size=&#8221;full&#8221; qode_css_animation=&#8221;&#8221; el_class=&#8221;k-mob&#8221;][\/vc_column_inner][\/vc_row_inner][vc_empty_space height=&#8221;64px&#8221; el_class=&#8221;menos-logi ocultar-linea&#8221;][\/vc_column][\/vc_row][vc_row css_animation=&#8221;&#8221; row_type=&#8221;row&#8221; use_row_as_full_screen_section=&#8221;no&#8221; type=&#8221;full_width&#8221; angled_section=&#8221;no&#8221; text_align=&#8221;left&#8221; background_image_as_pattern=&#8221;without_pattern&#8221; z_index=&#8221;&#8221; css=&#8221;.vc_custom_1585727077700{margin-right: 9% !important;margin-left: 9% !important;}&#8221;][vc_column][vc_empty_space height=&#8221;64px&#8221; el_class=&#8221;ocultar-linea&#8221;][vc_single_image image=&#8221;576&#8243; img_size=&#8221;full&#8221; qode_css_animation=&#8221;&#8221; el_class=&#8221;flecha-sendlogi&#8221;][vc_column_text]<\/p>\n<h2 class=\"titulo-serviciossendilogi\">Principais Servi\u00e7os de Log\u00edstica<\/h2>\n<p>[\/vc_column_text][vc_empty_space height=&#8221;100px&#8221; el_class=&#8221;espacio-menor&#8221;][vc_row_inner row_type=&#8221;row&#8221; type=&#8221;full_width&#8221; text_align=&#8221;left&#8221; css_animation=&#8221;&#8221;][vc_column_inner][vc_empty_space height=&#8221;120px&#8221; el_class=&#8221;re-logiespa&#8221;][\/vc_column_inner][\/vc_row_inner][vc_row_inner row_type=&#8221;row&#8221; type=&#8221;full_width&#8221; text_align=&#8221;left&#8221; css_animation=&#8221;&#8221;][vc_column_inner width=&#8221;1\/3&#8243;][vc_single_image image=&#8221;3875&#8243; img_size=&#8221;full&#8221; alignment=&#8221;center&#8221; qode_css_animation=&#8221;&#8221; qode_hover_animation=&#8221;zoom_in&#8221;][\/vc_column_inner][vc_column_inner width=&#8221;1\/3&#8243;][vc_single_image image=&#8221;3882&#8243; img_size=&#8221;full&#8221; alignment=&#8221;center&#8221; qode_css_animation=&#8221;&#8221; qode_hover_animation=&#8221;zoom_in&#8221;][\/vc_column_inner][vc_column_inner width=&#8221;1\/3&#8243;][vc_single_image image=&#8221;3889&#8243; img_size=&#8221;full&#8221; alignment=&#8221;center&#8221; qode_css_animation=&#8221;&#8221; qode_hover_animation=&#8221;zoom_in&#8221;][\/vc_column_inner][\/vc_row_inner][vc_row_inner row_type=&#8221;row&#8221; type=&#8221;full_width&#8221; text_align=&#8221;left&#8221; css_animation=&#8221;&#8221;][vc_column_inner][vc_empty_space height=&#8221;30px&#8221; el_class=&#8221;no-espa-lo&#8221;][\/vc_column_inner][\/vc_row_inner][vc_row_inner row_type=&#8221;row&#8221; type=&#8221;full_width&#8221; text_align=&#8221;left&#8221; css_animation=&#8221;&#8221;][vc_column_inner width=&#8221;1\/3&#8243;][vc_single_image image=&#8221;3896&#8243; img_size=&#8221;full&#8221; alignment=&#8221;center&#8221; qode_css_animation=&#8221;&#8221; qode_hover_animation=&#8221;zoom_in&#8221;][\/vc_column_inner][vc_column_inner width=&#8221;1\/3&#8243;][vc_single_image image=&#8221;3910&#8243; img_size=&#8221;full&#8221; alignment=&#8221;center&#8221; qode_css_animation=&#8221;&#8221; qode_hover_animation=&#8221;zoom_in&#8221;][\/vc_column_inner][vc_column_inner width=&#8221;1\/3&#8243;][vc_single_image image=&#8221;3917&#8243; img_size=&#8221;full&#8221; alignment=&#8221;center&#8221; qode_css_animation=&#8221;&#8221; qode_hover_animation=&#8221;zoom_in&#8221;][\/vc_column_inner][\/vc_row_inner][\/vc_column][\/vc_row][vc_row css_animation=&#8221;&#8221; row_type=&#8221;row&#8221; use_row_as_full_screen_section=&#8221;no&#8221; type=&#8221;full_width&#8221; angled_section=&#8221;no&#8221; text_align=&#8221;left&#8221; background_image_as_pattern=&#8221;without_pattern&#8221;][vc_column][vc_empty_space height=&#8221;120px&#8221; el_class=&#8221;ecom-espacio&#8221;][vc_empty_space height=&#8221;100px&#8221; el_class=&#8221;no-espa-lo&#8221;][\/vc_column][\/vc_row][vc_row css_animation=&#8221;&#8221; row_type=&#8221;row&#8221; use_row_as_full_screen_section=&#8221;no&#8221; type=&#8221;full_width&#8221; angled_section=&#8221;no&#8221; text_align=&#8221;left&#8221; background_image_as_pattern=&#8221;without_pattern&#8221; css=&#8221;.vc_custom_1581526016370{background-image: url(https:\/\/www.sending.es\/wp-content\/uploads\/2020\/01\/bg03.png?id=937) !important;}&#8221; z_index=&#8221;&#8221;][vc_column][vc_row_inner row_type=&#8221;row&#8221; type=&#8221;grid&#8221; text_align=&#8221;left&#8221; css_animation=&#8221;&#8221; el_class=&#8221;modificar&#8221;][vc_column_inner width=&#8221;1\/4&#8243;][vc_single_image image=&#8221;3686&#8243; img_size=&#8221;full&#8221; qode_css_animation=&#8221;&#8221; el_class=&#8221;k-mob&#8221;][\/vc_column_inner][vc_column_inner width=&#8221;3\/4&#8243; css=&#8221;.vc_custom_1581582878638{padding-left: 15% !important;}&#8221;][vc_column_text]<\/p>\n<p id=\"ecommerce-servicos\" class=\"sector-titulo-3\">e-Commerce<\/p>\n<p>[\/vc_column_text][vc_empty_space height=&#8221;35px&#8221; el_class=&#8221;ocultar-linea&#8221;][vc_column_text]<\/p>\n<p class=\"txt-subtitle\">Apostamos numa <strong>solu\u00e7\u00e3o muito din\u00e2mica<\/strong> que interage com o destinat\u00e1rio <strong>antes<\/strong> e <strong>durante<\/strong> a entrega do envio. Deste modo, maximizamos os r\u00e1cios de entrega nestes servi\u00e7os, bem como a gest\u00e3o da log\u00edstica <strong>inversa<\/strong>. Os destinat\u00e1rios dos nossos clientes poder\u00e3o realizar a autogest\u00e3o dos prazos de entrega, selecionando as faixas hor\u00e1rias dentro das quais pretendem receber os seus envios. Al\u00e9m disso, possu\u00edmos um sistema de avisos (<strong>via SMS<\/strong>) para o destinat\u00e1rio final, informando sobre a entrega com uma hora de anteced\u00eancia.<\/p>\n<p>[\/vc_column_text][vc_empty_space height=&#8221;35px&#8221;][vc_column_text el_class=&#8221;border-left&#8221; css=&#8221;.vc_custom_1589281154352{padding-left: 15px !important;}&#8221;]<\/p>\n<p class=\"txt-subtitle\" style=\"font-weight: 900; color: grey;\"><em>A Sending foi selecionada pela C\u00e2mara de Com\u00e9rcio de Espanha como a melhor solu\u00e7\u00e3o e-Commerce.<\/em><\/p>\n<p>[\/vc_column_text][\/vc_column_inner][\/vc_row_inner][vc_empty_space height=&#8221;64px&#8221; el_class=&#8221;ocultar-linea&#8221;][\/vc_column][\/vc_row][vc_row css_animation=&#8221;&#8221; row_type=&#8221;row&#8221; use_row_as_full_screen_section=&#8221;no&#8221; type=&#8221;full_width&#8221; angled_section=&#8221;no&#8221; text_align=&#8221;left&#8221; background_image_as_pattern=&#8221;without_pattern&#8221; z_index=&#8221;&#8221; css=&#8221;.vc_custom_1585727138059{margin-right: 9% !important;margin-left: 9% !important;}&#8221;][vc_column][vc_empty_space height=&#8221;64px&#8221;][vc_single_image image=&#8221;576&#8243; img_size=&#8221;full&#8221; qode_css_animation=&#8221;&#8221; el_class=&#8221;flecha-sendlogi ecomn&#8221;][vc_column_text]<\/p>\n<h2 class=\"titulo-serviciossendilogi\">Principais Servi\u00e7os e-Commerce<\/h2>\n<p>[\/vc_column_text][vc_empty_space height=&#8221;100px&#8221;][vc_row_inner row_type=&#8221;row&#8221; type=&#8221;full_width&#8221; text_align=&#8221;left&#8221; css_animation=&#8221;&#8221;][vc_column_inner][vc_empty_space height=&#8221;120px&#8221;][\/vc_column_inner][\/vc_row_inner][vc_row_inner row_type=&#8221;row&#8221; type=&#8221;full_width&#8221; text_align=&#8221;center&#8221; css_animation=&#8221;&#8221;][vc_column_inner width=&#8221;1\/4&#8243;][vc_single_image image=&#8221;3924&#8243; img_size=&#8221;full&#8221; alignment=&#8221;center&#8221; qode_css_animation=&#8221;&#8221; qode_hover_animation=&#8221;zoom_in&#8221;][\/vc_column_inner][vc_column_inner width=&#8221;1\/4&#8243;][vc_single_image image=&#8221;3931&#8243; img_size=&#8221;full&#8221; alignment=&#8221;center&#8221; qode_css_animation=&#8221;&#8221; qode_hover_animation=&#8221;zoom_in&#8221;][\/vc_column_inner][vc_column_inner width=&#8221;1\/4&#8243;][vc_single_image image=&#8221;3938&#8243; img_size=&#8221;full&#8221; alignment=&#8221;center&#8221; qode_css_animation=&#8221;&#8221; qode_hover_animation=&#8221;zoom_in&#8221;][\/vc_column_inner][vc_column_inner width=&#8221;1\/4&#8243;][vc_single_image image=&#8221;3945&#8243; img_size=&#8221;full&#8221; alignment=&#8221;center&#8221; qode_css_animation=&#8221;&#8221; qode_hover_animation=&#8221;zoom_in&#8221;][\/vc_column_inner][\/vc_row_inner][vc_empty_space height=&#8221;30px&#8221; el_class=&#8221;no-espa-lo&#8221;][vc_row_inner row_type=&#8221;row&#8221; type=&#8221;full_width&#8221; text_align=&#8221;center&#8221; css_animation=&#8221;&#8221;][vc_column_inner width=&#8221;1\/4&#8243;][vc_single_image image=&#8221;3952&#8243; img_size=&#8221;full&#8221; alignment=&#8221;center&#8221; qode_css_animation=&#8221;&#8221; qode_hover_animation=&#8221;zoom_in&#8221;][\/vc_column_inner][vc_column_inner width=&#8221;1\/4&#8243;][vc_single_image image=&#8221;3959&#8243; img_size=&#8221;full&#8221; alignment=&#8221;center&#8221; qode_css_animation=&#8221;&#8221; qode_hover_animation=&#8221;zoom_in&#8221;][\/vc_column_inner][vc_column_inner width=&#8221;1\/4&#8243;][vc_single_image image=&#8221;3966&#8243; img_size=&#8221;full&#8221; alignment=&#8221;center&#8221; qode_css_animation=&#8221;&#8221; qode_hover_animation=&#8221;zoom_in&#8221;][\/vc_column_inner][vc_column_inner width=&#8221;1\/4&#8243;][vc_single_image image=&#8221;3973&#8243; img_size=&#8221;full&#8221; alignment=&#8221;center&#8221; qode_css_animation=&#8221;&#8221; qode_hover_animation=&#8221;zoom_in&#8221;][\/vc_column_inner][\/vc_row_inner][vc_empty_space height=&#8221;30px&#8221; el_class=&#8221;no-espa-lo&#8221;][vc_row_inner row_type=&#8221;row&#8221; type=&#8221;full_width&#8221; text_align=&#8221;center&#8221; css_animation=&#8221;&#8221;][vc_column_inner width=&#8221;1\/4&#8243;][vc_single_image image=&#8221;3980&#8243; img_size=&#8221;full&#8221; alignment=&#8221;center&#8221; qode_css_animation=&#8221;&#8221; qode_hover_animation=&#8221;zoom_in&#8221;][\/vc_column_inner][vc_column_inner width=&#8221;1\/4&#8243;][vc_single_image image=&#8221;3987&#8243; img_size=&#8221;full&#8221; alignment=&#8221;center&#8221; qode_css_animation=&#8221;&#8221; qode_hover_animation=&#8221;zoom_in&#8221;][\/vc_column_inner][vc_column_inner width=&#8221;1\/4&#8243;][vc_single_image image=&#8221;3994&#8243; img_size=&#8221;full&#8221; alignment=&#8221;center&#8221; qode_css_animation=&#8221;&#8221; qode_hover_animation=&#8221;zoom_in&#8221;][\/vc_column_inner][vc_column_inner width=&#8221;1\/4&#8243;][vc_single_image image=&#8221;4001&#8243; img_size=&#8221;full&#8221; alignment=&#8221;center&#8221; qode_css_animation=&#8221;&#8221; qode_hover_animation=&#8221;zoom_in&#8221;][\/vc_column_inner][\/vc_row_inner][\/vc_column][\/vc_row][vc_row css_animation=&#8221;&#8221; row_type=&#8221;row&#8221; use_row_as_full_screen_section=&#8221;no&#8221; type=&#8221;full_width&#8221; angled_section=&#8221;no&#8221; text_align=&#8221;left&#8221; background_image_as_pattern=&#8221;without_pattern&#8221;][vc_column][vc_empty_space height=&#8221;120px&#8221; el_class=&#8221;no-espa-lo&#8221;][\/vc_column][\/vc_row]<\/p>\n<\/div>","protected":false},"excerpt":{"rendered":"<p>[vc_row css_animation=&#8221;&#8221; row_type=&#8221;row&#8221; use_row_as_full_screen_section=&#8221;no&#8221; type=&#8221;full_width&#8221; angled_section=&#8221;no&#8221; text_align=&#8221;left&#8221; background_image_as_pattern=&#8221;without_pattern&#8221;][vc_column][vc_empty_space height=&#8221;100px&#8221; el_class=&#8221;red-uno&#8221;][vc_row_inner row_type=&#8221;row&#8221; type=&#8221;grid&#8221; text_align=&#8221;left&#8221; css_animation=&#8221;&#8221;][vc_column_inner width=&#8221;2\/3&#8243;][vc_column_text] Servi\u00e7os prestados [\/vc_column_text][vc_column_text] Solu\u00e7\u00f5es globais [\/vc_column_text][vc_empty_space height=&#8221;60px&#8221; el_class=&#8221;qser-espa&#8221;][\/vc_column_inner][vc_column_inner width=&#8221;1\/3&#8243;][\/vc_column_inner][\/vc_row_inner][vc_row_inner row_type=&#8221;row&#8221; type=&#8221;grid&#8221; text_align=&#8221;left&#8221; css_animation=&#8221;&#8221;][vc_column_inner][vc_column_text el_class=&#8221;border-left&#8221; css=&#8221;.vc_custom_1674129096621{padding-left: 15px !important;}&#8221;] A Sending \u00e9 a sua empresa de transporte urgente e log\u00edstica. Com uma&#8230;<\/p>\n","protected":false},"author":3,"featured_media":0,"parent":0,"menu_order":0,"comment_status":"closed","ping_status":"closed","template":"full_width.php","meta":{"footnotes":""},"_links":{"self":[{"href":"https:\/\/www.sending.es\/pt-pt\/wp-json\/wp\/v2\/pages\/3685"}],"collection":[{"href":"https:\/\/www.sending.es\/pt-pt\/wp-json\/wp\/v2\/pages"}],"about":[{"href":"https:\/\/www.sending.es\/pt-pt\/wp-json\/wp\/v2\/types\/page"}],"author":[{"embeddable":true,"href":"https:\/\/www.sending.es\/pt-pt\/wp-json\/wp\/v2\/users\/3"}],"replies":[{"embeddable":true,"href":"https:\/\/www.sending.es\/pt-pt\/wp-json\/wp\/v2\/comments?post=3685"}],"version-history":[{"count":1,"href":"https:\/\/www.sending.es\/pt-pt\/wp-json\/wp\/v2\/pages\/3685\/revisions"}],"predecessor-version":[{"id":12267,"href":"https:\/\/www.sending.es\/pt-pt\/wp-json\/wp\/v2\/pages\/3685\/revisions\/12267"}],"wp:attachment":[{"href":"https:\/\/www.sending.es\/pt-pt\/wp-json\/wp\/v2\/media?parent=3685"}],"curies":[{"name":"wp","href":"https:\/\/api.w.org\/{rel}","templated":true}]}}