{"id":4022,"date":"2019-12-04T10:46:14","date_gmt":"2019-12-04T10:46:14","guid":{"rendered":"https:\/\/www.sending.es\/localiza-tu-envio\/"},"modified":"2022-06-01T10:30:46","modified_gmt":"2022-06-01T10:30:46","slug":"localize-o-seu-envio","status":"publish","type":"page","link":"https:\/\/www.sending.es\/pt-pt\/localize-o-seu-envio\/","title":{"rendered":"LOCALIZE O SEU ENVIO"},"content":{"rendered":"<div class=\"wpb-content-wrapper\"><p>[vc_row css_animation=&#8221;&#8221; row_type=&#8221;row&#8221; use_row_as_full_screen_section=&#8221;no&#8221; type=&#8221;full_width&#8221; angled_section=&#8221;no&#8221; text_align=&#8221;left&#8221; background_image_as_pattern=&#8221;without_pattern&#8221;][vc_column][vc_empty_space height=&#8221;23px&#8221; el_class=&#8221;no-espa-lo&#8221;][vc_column_text]<\/p>\n<p class=\"txt-subtitle\"><strong>Consulte o estado detalhado do seu envio, introduzindo o seu c\u00f3digo de envio ou a sua refer\u00eancia:<\/strong><\/p>\n<p>[\/vc_column_text][vc_empty_space][vc_row_inner row_type=&#8221;row&#8221; type=&#8221;full_width&#8221; text_align=&#8221;left&#8221; css_animation=&#8221;&#8221;][vc_column_inner][vc_raw_html]JTNDZm9ybSUyMGNsYXNzJTNEJTIybnVsbGZvcm0lMjBsb2NhbGl6YWRvciUyMiUyMHRhcmdldCUzRCUyMl9ibGFuayUyMiUyMG1ldGhvZCUzRCUyMnBvc3QlMjIlMjBhY3Rpb24lM0QlMjJodHRwcyUzQSUyRiUyRmluZm8uc2VuZGluZy5lcyUyRmZndHMlMkZwdWIlMkZsb2NOdW1TZWd1aW1pZW50by5zZWFtJTNGd2ViJTNEUyUyMiUzRSUwQSUzQ2xhYmVsJTNFJTBBJTIwJTIwJTNDaW5wdXQlMjBuYW1lJTNEJTIybG9jYWxpemFkb3IlMjIlMjBtYXhsZW5ndGglM0QlMjIyMCUyMiUyMHR5cGUlM0QlMjJ0ZXh0JTIyJTIwc2l6ZSUzRCUyMjI0JTIyJTIwcGxhY2Vob2xkZXIlM0QlMjJEaWdpdGUlMjBvJTIwc2V1JTIwYyVDMyVCM2RpZ28lMjBkZSUyMGVudHJlZ2ElMjIlMkYlM0UlMEElMjAlM0NidXR0b24lMjBjbGFzcyUzRCUyMmJvdC1lbnZpYXIlMjIlMjB0eXBlJTNEJTIyc3VibWl0JTIyJTNFJTNDaSUyMGNsYXNzJTNEJTIyZmElMjBmYS1zZWFyY2glMjBidXNjYXItZW52aW8lMjIlM0UlM0MlMkZpJTNFJTIwJTNDJTJGYnV0dG9uJTNFJTBBJTNDJTJGbGFiZWwlM0UlMEElM0MlMkZmb3JtJTNFJTBB[\/vc_raw_html][vc_column_text]<strong>*This form is protected with Google&#8217;s Recaptcha v3 technology to prevent fraudulent use.<\/strong>[\/vc_column_text][vc_empty_space height=&#8221;40px&#8221;][vc_column_text]<\/p>\n<div class=\"lbTitle\">\n<h2 class=\"section--title\" style=\"text-align: left;\"><i class=\"fa fa-question-circle\" aria-hidden=\"true\"><\/i> ONDE PODE ENCONTRAR O C\u00d3DIGO DE ENVIO<\/h2>\n<\/div>\n<p style=\"text-align: left;\"><span class=\"gmaildefault\">Se for o destinat\u00e1rio do envio<\/span>\u00a0<strong>receber\u00e1 o c\u00f3digo de envio por e-mail, SMS ou atrav\u00e9s da APP<\/strong><strong><span class=\"gmaildefault\">.<\/span><\/strong><\/p>\n<p>[\/vc_column_text][\/vc_column_inner][\/vc_row_inner][vc_empty_space height=&#8221;150px&#8221;][\/vc_column][\/vc_row]<\/p>\n<\/div>","protected":false},"excerpt":{"rendered":"<p>[vc_row css_animation=&#8221;&#8221; row_type=&#8221;row&#8221; use_row_as_full_screen_section=&#8221;no&#8221; type=&#8221;full_width&#8221; angled_section=&#8221;no&#8221; text_align=&#8221;left&#8221; background_image_as_pattern=&#8221;without_pattern&#8221;][vc_column][vc_empty_space height=&#8221;23px&#8221; el_class=&#8221;no-espa-lo&#8221;][vc_column_text] Consulte o estado detalhado do seu envio, introduzindo o seu c\u00f3digo de envio ou a sua refer\u00eancia: [\/vc_column_text][vc_empty_space][vc_row_inner row_type=&#8221;row&#8221; type=&#8221;full_width&#8221; text_align=&#8221;left&#8221; css_animation=&#8221;&#8221;][vc_column_inner][vc_raw_html]JTNDZm9ybSUyMGNsYXNzJTNEJTIybnVsbGZvcm0lMjBsb2NhbGl6YWRvciUyMiUyMHRhcmdldCUzRCUyMl9ibGFuayUyMiUyMG1ldGhvZCUzRCUyMnBvc3QlMjIlMjBhY3Rpb24lM0QlMjJodHRwcyUzQSUyRiUyRmluZm8uc2VuZGluZy5lcyUyRmZndHMlMkZwdWIlMkZsb2NOdW1TZWd1aW1pZW50by5zZWFtJTNGd2ViJTNEUyUyMiUzRSUwQSUzQ2xhYmVsJTNFJTBBJTIwJTIwJTNDaW5wdXQlMjBuYW1lJTNEJTIybG9jYWxpemFkb3IlMjIlMjBtYXhsZW5ndGglM0QlMjIyMCUyMiUyMHR5cGUlM0QlMjJ0ZXh0JTIyJTIwc2l6ZSUzRCUyMjI0JTIyJTIwcGxhY2Vob2xkZXIlM0QlMjJEaWdpdGUlMjBvJTIwc2V1JTIwYyVDMyVCM2RpZ28lMjBkZSUyMGVudHJlZ2ElMjIlMkYlM0UlMEElMjAlM0NidXR0b24lMjBjbGFzcyUzRCUyMmJvdC1lbnZpYXIlMjIlMjB0eXBlJTNEJTIyc3VibWl0JTIyJTNFJTNDaSUyMGNsYXNzJTNEJTIyZmElMjBmYS1zZWFyY2glMjBidXNjYXItZW52aW8lMjIlM0UlM0MlMkZpJTNFJTIwJTNDJTJGYnV0dG9uJTNFJTBBJTNDJTJGbGFiZWwlM0UlMEElM0MlMkZmb3JtJTNFJTBB[\/vc_raw_html][vc_column_text]*This form is protected with Google&#8217;s Recaptcha v3 technology to prevent fraudulent use.[\/vc_column_text][vc_empty_space height=&#8221;40px&#8221;][vc_column_text]&#8230;<\/p>\n","protected":false},"author":3,"featured_media":0,"parent":0,"menu_order":0,"comment_status":"closed","ping_status":"open","template":"","meta":{"footnotes":""},"_links":{"self":[{"href":"https:\/\/www.sending.es\/pt-pt\/wp-json\/wp\/v2\/pages\/4022"}],"collection":[{"href":"https:\/\/www.sending.es\/pt-pt\/wp-json\/wp\/v2\/pages"}],"about":[{"href":"https:\/\/www.sending.es\/pt-pt\/wp-json\/wp\/v2\/types\/page"}],"author":[{"embeddable":true,"href":"https:\/\/www.sending.es\/pt-pt\/wp-json\/wp\/v2\/users\/3"}],"replies":[{"embeddable":true,"href":"https:\/\/www.sending.es\/pt-pt\/wp-json\/wp\/v2\/comments?post=4022"}],"version-history":[{"count":1,"href":"https:\/\/www.sending.es\/pt-pt\/wp-json\/wp\/v2\/pages\/4022\/revisions"}],"predecessor-version":[{"id":9710,"href":"https:\/\/www.sending.es\/pt-pt\/wp-json\/wp\/v2\/pages\/4022\/revisions\/9710"}],"wp:attachment":[{"href":"https:\/\/www.sending.es\/pt-pt\/wp-json\/wp\/v2\/media?parent=4022"}],"curies":[{"name":"wp","href":"https:\/\/api.w.org\/{rel}","templated":true}]}}